{"id":259,"date":"2021-06-01T18:53:57","date_gmt":"2021-06-01T16:53:57","guid":{"rendered":"http:\/\/matimatheque.fr\/?page_id=259"},"modified":"2023-08-21T17:16:01","modified_gmt":"2023-08-21T15:16:01","slug":"probabilites-2a","status":"publish","type":"page","link":"https:\/\/matimatheque.fr\/?page_id=259","title":{"rendered":"Probabilit\u00e9s"},"content":{"rendered":"\n<h2 class=\"wp-block-heading\">Espaces probabilis\u00e9s <\/h2>\n\n\n<div id=\"tablepress-11-scroll-wrapper\" class=\"tablepress-scroll-wrapper\">\n\n<table id=\"tablepress-11\" class=\"tablepress tablepress-id-11 tablepress-responsive\">\n<tbody class=\"row-striping row-hover\">\n<tr class=\"row-1\">\n\t<td class=\"column-1\"><a href=\"https:\/\/matimatheque.fr\/wp-content\/uploads\/2021\/12\/rappel_univers21.pdf\">rappels pratiques <\/a><\/td><td class=\"column-2\"><a href=\"https:\/\/youtu.be\/7qAXihg3NNI\" rel=\"noopener\" target=\"_blank\">V126<\/a><\/td><td class=\"column-3\"><em>univers, issues, \u00e9v\u00e9nements \u00e9l\u00e9mentaires,...<\/em><\/td>\n<\/tr>\n<tr class=\"row-2\">\n\t<td class=\"column-1\"><a href=\"https:\/\/matimatheque.fr\/wp-content\/uploads\/2021\/12\/denombrable_tribu_21.pdf\" rel=\"noopener\" target=\"_blank\">ensemble d\u00e9nombrable, tribu<\/a><\/td><td class=\"column-2\"><a href=\"https:\/\/youtu.be\/x4szv3Nk328\" rel=\"noopener\" target=\"_blank\">W020<\/a><\/td><td class=\"column-3\"><em>injection, surjection, bijection<\/em><\/td>\n<\/tr>\n<tr class=\"row-3\">\n\t<td class=\"column-1\"><\/td><td class=\"column-2\"><a href=\"https:\/\/youtu.be\/PMAKutTZ4dQ\" rel=\"noopener\" target=\"_blank\">W021<\/a><\/td><td class=\"column-3\"><em>ensemble fini<\/em><\/td>\n<\/tr>\n<tr class=\"row-4\">\n\t<td class=\"column-1\"><\/td><td class=\"column-2\"><a href=\"https:\/\/youtu.be\/GceXdz0s-OE\" rel=\"noopener\" target=\"_blank\">W022<\/a><\/td><td class=\"column-3\"><em>ensemble d\u00e9nombrable<\/em><\/td>\n<\/tr>\n<tr class=\"row-5\">\n\t<td class=\"column-1\"><\/td><td class=\"column-2\"><a href=\"https:\/\/youtu.be\/kxIKf3QPP3k\" rel=\"noopener\" target=\"_blank\">V127<\/a><\/td><td class=\"column-3\"><em>coefficients binomiaux<\/em><\/td>\n<\/tr>\n<tr class=\"row-6\">\n\t<td class=\"column-1\"><\/td><td class=\"column-2\"><a href=\"https:\/\/youtu.be\/s8FPuaRr0D4\" rel=\"noopener\" target=\"_blank\">V125<\/a><\/td><td class=\"column-3\"><em>tribu<\/em><\/td>\n<\/tr>\n<tr class=\"row-7\">\n\t<td class=\"column-1\"><a href=\"https:\/\/matimatheque.fr\/wp-content\/uploads\/2021\/12\/esp_proba21.pdf\" rel=\"noopener\" target=\"_blank\">espaces probabilis\u00e9s<\/a><\/td><td class=\"column-2\"><a href=\"https:\/\/youtu.be\/NJD30ybKZxQ\" rel=\"noopener\" target=\"_blank\">V128<\/a><\/td><td class=\"column-3\"><em>probabilit\u00e9s<\/em><\/td>\n<\/tr>\n<tr class=\"row-8\">\n\t<td class=\"column-1\"><\/td><td class=\"column-2\"><a href=\"https:\/\/youtu.be\/DVtdi23Lojg\" rel=\"noopener\" target=\"_blank\">V130<\/a><\/td><td class=\"column-3\"><em>probabilit\u00e9 conditionnelle<\/em><\/td>\n<\/tr>\n<tr class=\"row-9\">\n\t<td class=\"column-1\"><\/td><td class=\"column-2\"><a href=\"https:\/\/youtu.be\/ie7DDQJpLw8\" rel=\"noopener\" target=\"_blank\">V131<\/a><\/td><td class=\"column-3\"><em>syst\u00e8me complet d'\u00e9v\u00e9nements<\/em><\/td>\n<\/tr>\n<tr class=\"row-10\">\n\t<td class=\"column-1\"><\/td><td class=\"column-2\"><a href=\"https:\/\/youtu.be\/fGU9EfcaQxI\" rel=\"noopener\" target=\"_blank\">V129<\/a><\/td><td class=\"column-3\"><em>\u00e9v\u00e9nements ind\u00e9pendants<\/em><\/td>\n<\/tr>\n<tr class=\"row-11\">\n\t<td class=\"column-1\"><\/td><td class=\"column-2\"><a href=\"https:\/\/youtu.be\/Ib-ZPFdDMDM\" rel=\"noopener\" target=\"_blank\">V132<\/a><\/td><td class=\"column-3\"><em>continuit\u00e9 croissante\/d\u00e9croissante<\/em><\/td>\n<\/tr>\n<tr class=\"row-12\">\n\t<td class=\"column-1\">d\u00e9nombrement<\/td><td class=\"column-2\"><a href=\"http:\/\/matimatheque.fr\/wp-content\/uploads\/2021\/06\/mati1A_denombrement.pdf\" rel=\"noopener\" target=\"_blank\">exos<\/a><\/td><td class=\"column-3\"><\/td>\n<\/tr>\n<\/tbody>\n<\/table>\n\n<\/div><!-- #tablepress-11 from cache -->\n\n\n\n<h2 class=\"wp-block-heading\">Variables al\u00e9atoires <\/h2>\n\n\n<div id=\"tablepress-12-scroll-wrapper\" class=\"tablepress-scroll-wrapper\">\n\n<table id=\"tablepress-12\" class=\"tablepress tablepress-id-12 tablepress-responsive\">\n<tbody class=\"row-striping row-hover\">\n<tr class=\"row-1\">\n\t<td class=\"column-1\"><a href=\"https:\/\/matimatheque.fr\/wp-content\/uploads\/2022\/01\/var_alea_2122_1.pdf\" rel=\"noopener\" target=\"_blank\">variables al\u00e9atoires 1<\/a><\/td><td class=\"column-2\"><\/td><td class=\"column-3\"><\/td>\n<\/tr>\n<tr class=\"row-2\">\n\t<td class=\"column-1\"><\/td><td class=\"column-2\"><a href=\"https:\/\/youtu.be\/Lg2JLyQWFOI\" rel=\"noopener\" target=\"_blank\">V133<\/a><\/td><td class=\"column-3\"><em>g\u00e9n\u00e9ralit\u00e9s sur les v.a. (rappels)<\/em><\/td>\n<\/tr>\n<tr class=\"row-3\">\n\t<td class=\"column-1\"><\/td><td class=\"column-2\"><a href=\"https:\/\/youtu.be\/1ZxtxtOfUUs\" rel=\"noopener\" target=\"_blank\">V147<\/a><\/td><td class=\"column-3\"><em>fonction de r\u00e9partition<\/em><\/td>\n<\/tr>\n<tr class=\"row-4\">\n\t<td class=\"column-1\"><\/td><td class=\"column-2\"><a href=\"https:\/\/youtu.be\/cxU_Obm1Ars\" rel=\"noopener\" target=\"_blank\">V134<\/a><\/td><td class=\"column-3\"><em>loi uniforme<\/em><\/td>\n<\/tr>\n<tr class=\"row-5\">\n\t<td class=\"column-1\"><\/td><td class=\"column-2\"><a href=\"https:\/\/youtu.be\/DVloGUw9-ow\" rel=\"noopener\" target=\"_blank\">V135<\/a><\/td><td class=\"column-3\"><em>loi de Bernoulli<\/em><\/td>\n<\/tr>\n<tr class=\"row-6\">\n\t<td class=\"column-1\"><\/td><td class=\"column-2\"><a href=\"https:\/\/youtu.be\/MXjw1sX7kw8\" rel=\"noopener\" target=\"_blank\">V136<\/a><\/td><td class=\"column-3\"><em>loi binomiale<\/em><\/td>\n<\/tr>\n<tr class=\"row-7\">\n\t<td class=\"column-1\"><\/td><td class=\"column-2\"><a href=\"https:\/\/youtu.be\/LQgnyIzGVYI\" rel=\"noopener\" target=\"_blank\">V139<\/a><\/td><td class=\"column-3\"><em>loi de Poisson<\/em><\/td>\n<\/tr>\n<tr class=\"row-8\">\n\t<td class=\"column-1\"><\/td><td class=\"column-2\"><a href=\"https:\/\/youtu.be\/nCepM1QLlMM\" rel=\"noopener\" target=\"_blank\">V140<\/a><\/td><td class=\"column-3\"><em>loi g\u00e9om\u00e9trique<\/em><\/td>\n<\/tr>\n<tr class=\"row-9\">\n\t<td class=\"column-1\"><\/td><td class=\"column-2\"><a href=\"https:\/\/youtu.be\/NpemfX0Ebe0\" rel=\"noopener\" target=\"_blank\">V137<\/a><\/td><td class=\"column-3\"><em> v.a. ind\u00e9pendantes<\/em><\/td>\n<\/tr>\n<tr class=\"row-10\">\n\t<td class=\"column-1\"><\/td><td class=\"column-2\"><a href=\"https:\/\/youtu.be\/ze6lpJxYSjQ\" rel=\"noopener\" target=\"_blank\">V138<\/a><\/td><td class=\"column-3\"><em>somme de v.a<\/em><\/td>\n<\/tr>\n<tr class=\"row-11\">\n\t<td class=\"column-1\"><\/td><td class=\"column-2\"><a href=\"https:\/\/youtu.be\/Ws1cndxXvqI\" rel=\"noopener\" target=\"_blank\">V144<\/a><\/td><td class=\"column-3\"><em>loi conjointe, loi marginale<\/em><\/td>\n<\/tr>\n<tr class=\"row-12\">\n\t<td class=\"column-1\">esp\u00e9rance<\/td><td class=\"column-2\"><a href=\"http:\/\/matimatheque.fr\/wp-content\/uploads\/2021\/06\/mati1A_esperance.pdf\" rel=\"noopener\" target=\"_blank\">exos<\/a><\/td><td class=\"column-3\"><\/td>\n<\/tr>\n<tr class=\"row-13\">\n\t<td class=\"column-1\"><a href=\"https:\/\/matimatheque.fr\/wp-content\/uploads\/2022\/01\/var_alea_2122_2.pdf\" rel=\"noopener\" target=\"_blank\">variables al\u00e9atoires 2<\/a><\/td><td class=\"column-2\"><\/td><td class=\"column-3\"><\/td>\n<\/tr>\n<tr class=\"row-14\">\n\t<td class=\"column-1\"><\/td><td class=\"column-2\"><\/td><td class=\"column-3\"><\/td>\n<\/tr>\n<tr class=\"row-15\">\n\t<td class=\"column-1\"><\/td><td class=\"column-2\"><a href=\"https:\/\/youtu.be\/QIUbuyf977A\" rel=\"noopener\" target=\"_blank\">V141<\/a><\/td><td class=\"column-3\"><em>esp\u00e9rance<\/em><\/td>\n<\/tr>\n<tr class=\"row-16\">\n\t<td class=\"column-1\"><\/td><td class=\"column-2\"><a href=\"https:\/\/youtu.be\/Z3FCGClbBYA\" rel=\"noopener\" target=\"_blank\">V142<\/a><\/td><td class=\"column-3\"><em>variance<\/em><\/td>\n<\/tr>\n<tr class=\"row-17\">\n\t<td class=\"column-1\"><\/td><td class=\"column-2\"><a href=\"https:\/\/youtu.be\/_PIxLXreESs\" rel=\"noopener\" target=\"_blank\">V143<\/a><\/td><td class=\"column-3\"><em>s\u00e9ries g\u00e9n\u00e9ratrices<\/em><\/td>\n<\/tr>\n<tr class=\"row-18\">\n\t<td class=\"column-1\"><\/td><td class=\"column-2\"><a href=\"https:\/\/youtu.be\/TCT_sIpr0G4\" rel=\"noopener\" target=\"_blank\">V145<\/a><\/td><td class=\"column-3\"><em>covariance<\/em><\/td>\n<\/tr>\n<tr class=\"row-19\">\n\t<td class=\"column-1\"><\/td><td class=\"column-2\"><a href=\"https:\/\/youtu.be\/kt7fJvmMA9k\" rel=\"noopener\" target=\"_blank\">V146<\/a><\/td><td class=\"column-3\"><em>r\u00e9sultats asymptotiques<\/em><\/td>\n<\/tr>\n<tr class=\"row-20\">\n\t<td class=\"column-1\"><a href=\"https:\/\/matimatheque.fr\/wp-content\/uploads\/2022\/02\/covariance21.pdf\" rel=\"noopener\" target=\"_blank\">covariance<\/a><\/td><td class=\"column-2\"><\/td><td class=\"column-3\"><\/td>\n<\/tr>\n<\/tbody>\n<\/table>\n\n<\/div><!-- #tablepress-12 from cache -->\n\n\n\n<h2 class=\"wp-block-heading\"><\/h2>\n","protected":false},"excerpt":{"rendered":"<p>Espaces probabilis\u00e9s Variables al\u00e9atoires<\/p>\n","protected":false},"author":1,"featured_media":0,"parent":0,"menu_order":0,"comment_status":"closed","ping_status":"closed","template":"","meta":{"footnotes":""},"class_list":["post-259","page","type-page","status-publish","hentry"],"_links":{"self":[{"href":"https:\/\/matimatheque.fr\/index.php?rest_route=\/wp\/v2\/pages\/259","targetHints":{"allow":["GET"]}}],"collection":[{"href":"https:\/\/matimatheque.fr\/index.php?rest_route=\/wp\/v2\/pages"}],"about":[{"href":"https:\/\/matimatheque.fr\/index.php?rest_route=\/wp\/v2\/types\/page"}],"author":[{"embeddable":true,"href":"https:\/\/matimatheque.fr\/index.php?rest_route=\/wp\/v2\/users\/1"}],"replies":[{"embeddable":true,"href":"https:\/\/matimatheque.fr\/index.php?rest_route=%2Fwp%2Fv2%2Fcomments&post=259"}],"version-history":[{"count":6,"href":"https:\/\/matimatheque.fr\/index.php?rest_route=\/wp\/v2\/pages\/259\/revisions"}],"predecessor-version":[{"id":1700,"href":"https:\/\/matimatheque.fr\/index.php?rest_route=\/wp\/v2\/pages\/259\/revisions\/1700"}],"wp:attachment":[{"href":"https:\/\/matimatheque.fr\/index.php?rest_route=%2Fwp%2Fv2%2Fmedia&parent=259"}],"curies":[{"name":"wp","href":"https:\/\/api.w.org\/{rel}","templated":true}]}}