{"id":253,"date":"2021-06-01T18:53:18","date_gmt":"2021-06-01T16:53:18","guid":{"rendered":"http:\/\/matimatheque.fr\/?page_id=253"},"modified":"2023-08-21T17:15:20","modified_gmt":"2023-08-21T15:15:20","slug":"geometrie-2a","status":"publish","type":"page","link":"https:\/\/matimatheque.fr\/?page_id=253","title":{"rendered":"G\u00e9om\u00e9trie"},"content":{"rendered":"\n<h2 class=\"wp-block-heading\">G\u00e9om\u00e9trie plane 1A<\/h2>\n\n\n<div id=\"tablepress-10-scroll-wrapper\" class=\"tablepress-scroll-wrapper\">\n\n<table id=\"tablepress-10\" class=\"tablepress tablepress-id-10 tablepress-responsive\">\n<thead>\n<tr class=\"row-1\">\n\t<th class=\"column-1\"><a href=\"https:\/\/matimatheque.fr\/wp-content\/uploads\/2021\/10\/rev_geo2D2122.pdf\" rel=\"noopener\" target=\"_blank\">polycop r\u00e9visions<\/a><\/th><td class=\"column-2\"><\/td><td class=\"column-3\"><\/td>\n<\/tr>\n<\/thead>\n<tbody class=\"row-striping row-hover\">\n<tr class=\"row-2\">\n\t<td class=\"column-1\"><\/td><td class=\"column-2\"><a href=\"https:\/\/youtu.be\/hR2vBCGdu_M\" rel=\"noopener\" target=\"_blank\">R050<\/a><\/td><td class=\"column-3\"><em>convention dans un espace affine<\/em><\/td>\n<\/tr>\n<tr class=\"row-3\">\n\t<td class=\"column-1\"><\/td><td class=\"column-2\"><a href=\"https:\/\/youtu.be\/FlNuVSTiZb0\" rel=\"noopener\" target=\"_blank\">R051<\/a><\/td><td class=\"column-3\"><em> les outils <\/em><\/td>\n<\/tr>\n<tr class=\"row-4\">\n\t<td class=\"column-1\"><\/td><td class=\"column-2\"><a href=\"https:\/\/youtu.be\/exLv4gS1VJI\" rel=\"noopener\" target=\"_blank\">R052<\/a><\/td><td class=\"column-3\"><em>droites parall\u00e8les, perpendiculaires<\/em><\/td>\n<\/tr>\n<tr class=\"row-5\">\n\t<td class=\"column-1\"><\/td><td class=\"column-2\"><a href=\"https:\/\/youtu.be\/OOU3J7O8Fxc\" rel=\"noopener\" target=\"_blank\">R053<\/a><\/td><td class=\"column-3\"><em>\u00e9quation cart\u00e9sienne d'une droite<\/em><\/td>\n<\/tr>\n<tr class=\"row-6\">\n\t<td class=\"column-1\"><\/td><td class=\"column-2\"><a href=\"https:\/\/youtu.be\/x_qmTJNLvns\" rel=\"noopener\" target=\"_blank\">R054<\/a><\/td><td class=\"column-3\"><em>\u00e9quation param\u00e9trique d'une droite<\/em><\/td>\n<\/tr>\n<tr class=\"row-7\">\n\t<td class=\"column-1\"><\/td><td class=\"column-2\"><\/td><td class=\"column-3\"><em>formules<\/em><\/td>\n<\/tr>\n<tr class=\"row-8\">\n\t<td class=\"column-1\"><\/td><td class=\"column-2\"><\/td><td class=\"column-3\"><em>projet\u00e9 orthogonal sur une droite<\/em><\/td>\n<\/tr>\n<tr class=\"row-9\">\n\t<td class=\"column-1\"><\/td><td class=\"column-2\"><\/td><td class=\"column-3\"><em>cercles<\/em><\/td>\n<\/tr>\n<tr class=\"row-10\">\n\t<td class=\"column-1\">droites, cercles<\/td><td class=\"column-2\"><a href=\"http:\/\/matimatheque.fr\/wp-content\/uploads\/2021\/06\/mati1A_droitescercles2D.pdf\" rel=\"noopener\" target=\"_blank\">exos<\/a><\/td><td class=\"column-3\"><\/td>\n<\/tr>\n<tr class=\"row-11\">\n\t<td class=\"column-1\">changement de rep\u00e8re<\/td><td class=\"column-2\"><a href=\"http:\/\/matimatheque.fr\/wp-content\/uploads\/2021\/06\/mati1A_chgtrepere2D.pdf\" rel=\"noopener\" target=\"_blank\">exos<\/a><\/td><td class=\"column-3\"><\/td>\n<\/tr>\n<\/tbody>\n<\/table>\n\n<\/div><!-- #tablepress-10 from cache -->\n\n\n\n<h2 class=\"wp-block-heading\">G\u00e9om\u00e9trie plane 2A<\/h2>\n\n\n<div id=\"tablepress-9-scroll-wrapper\" class=\"tablepress-scroll-wrapper\">\n\n<table id=\"tablepress-9\" class=\"tablepress tablepress-id-9 tablepress-responsive\">\n<tbody class=\"row-striping row-hover\">\n<tr class=\"row-1\">\n\t<td class=\"column-1\"><a href=\"https:\/\/matimatheque.fr\/wp-content\/uploads\/2021\/10\/conique_2122.pdf\">coniques<\/a><\/td><td class=\"column-2\"><a href=\"https:\/\/youtu.be\/8Jj3dJKfOAg\" rel=\"noopener\" target=\"_blank\">V057<\/a><\/td><td class=\"column-3\"><em>chgt de rep\u00e8re<\/em><\/td>\n<\/tr>\n<tr class=\"row-2\">\n\t<td class=\"column-1\"><\/td><td class=\"column-2\"><a href=\"https:\/\/youtu.be\/itcUE-LM74o\" rel=\"noopener\" target=\"_blank\">V058<\/a><\/td><td class=\"column-3\"><em>ellipse<\/em><\/td>\n<\/tr>\n<tr class=\"row-3\">\n\t<td class=\"column-1\"><\/td><td class=\"column-2\"><a href=\"https:\/\/youtu.be\/jTVy2n68iD4\" rel=\"noopener\" target=\"_blank\">W001<\/a><\/td><td class=\"column-3\"><em>hyperbole<\/em><\/td>\n<\/tr>\n<tr class=\"row-4\">\n\t<td class=\"column-1\"><\/td><td class=\"column-2\"><a href=\"https:\/\/youtu.be\/Cc7hHmz8YrM\" rel=\"noopener\" target=\"_blank\">V070<\/a><\/td><td class=\"column-3\"><em>parabole<\/em><\/td>\n<\/tr>\n<tr class=\"row-5\">\n\t<td class=\"column-1\"><a href=\"https:\/\/matimatheque.fr\/wp-content\/uploads\/2022\/02\/redconique2122.pdf\" rel=\"noopener\" target=\"_blank\">poly red.conique<\/a><\/td><td class=\"column-2\"><a href=\"https:\/\/youtu.be\/dC-I7sKMB94\" rel=\"noopener\" target=\"_blank\">V114<\/a><\/td><td class=\"column-3\"><\/td>\n<\/tr>\n<tr class=\"row-6\">\n\t<td class=\"column-1\"><\/td><td class=\"column-2\"><\/td><td class=\"column-3\"><\/td>\n<\/tr>\n<tr class=\"row-7\">\n\t<td class=\"column-1\"><a href=\"https:\/\/matimatheque.fr\/wp-content\/uploads\/2021\/10\/crbesparam21.pdf\" rel=\"noopener\" target=\"_blank\">courbes param\u00e9tr\u00e9es<\/a><\/td><td class=\"column-2\"><\/td><td class=\"column-3\"><\/td>\n<\/tr>\n<tr class=\"row-8\">\n\t<td class=\"column-1\"><\/td><td class=\"column-2\"><a href=\"https:\/\/youtu.be\/DD3WUBiHixo\" rel=\"noopener\" target=\"_blank\">V046<\/a><\/td><td class=\"column-3\"><em>exemple 2<\/em><\/td>\n<\/tr>\n<tr class=\"row-9\">\n\t<td class=\"column-1\"><\/td><td class=\"column-2\"><a href=\"https:\/\/youtu.be\/HHR52TWp3qU\" rel=\"noopener\" target=\"_blank\">V047<\/a><\/td><td class=\"column-3\"><em>r\u00e9duction de l'intervalle d'\u00e9tude<\/em><\/td>\n<\/tr>\n<tr class=\"row-10\">\n\t<td class=\"column-1\"><\/td><td class=\"column-2\"><a href=\"https:\/\/youtu.be\/8fckubxVxTw\" rel=\"noopener\" target=\"_blank\">V048<\/a><\/td><td class=\"column-3\"><em>tangente<\/em><\/td>\n<\/tr>\n<tr class=\"row-11\">\n\t<td class=\"column-1\"><\/td><td class=\"column-2\"><a href=\"https:\/\/youtu.be\/pxVPVuMt-j0\" rel=\"noopener\" target=\"_blank\">V051<\/a><\/td><td class=\"column-3\"><em>point multiple\/point double<\/em><\/td>\n<\/tr>\n<tr class=\"row-12\">\n\t<td class=\"column-1\"><\/td><td class=\"column-2\"><a href=\"https:\/\/youtu.be\/RHx8NftjhcA\" rel=\"noopener\" target=\"_blank\">V050<\/a><\/td><td class=\"column-3\"><em>branches infinies<\/em><\/td>\n<\/tr>\n<tr class=\"row-13\">\n\t<td class=\"column-1\"><\/td><td class=\"column-2\"><a href=\"https:\/\/youtu.be\/3T4g0AqOODc\" rel=\"noopener\" target=\"_blank\">V052<\/a><\/td><td class=\"column-3\"><em>\u00e9quation cart\u00e9sienne<\/em><\/td>\n<\/tr>\n<tr class=\"row-14\">\n\t<td class=\"column-1\"><\/td><td class=\"column-2\"><a href=\"https:\/\/youtu.be\/2MlidApQMQY\" rel=\"noopener\" target=\"_blank\">V053<\/a><\/td><td class=\"column-3\"><em>lignes de niveau<\/em><\/td>\n<\/tr>\n<tr class=\"row-15\">\n\t<td class=\"column-1\"><a href=\"https:\/\/matimatheque.fr\/wp-content\/uploads\/2021\/10\/geometrique21.pdf\" rel=\"noopener\" target=\"_blank\">\u00e9tude m\u00e9trique des courbes planes<\/a><\/td><td class=\"column-2\"><a href=\"https:\/\/youtu.be\/PkZPJ7pa1CM\" rel=\"noopener\" target=\"_blank\">V055<\/a><\/td><td class=\"column-3\"><em>abscisse curviligne<\/em><\/td>\n<\/tr>\n<tr class=\"row-16\">\n\t<td class=\"column-1\"><\/td><td class=\"column-2\"><a href=\"https:\/\/youtu.be\/TG25uIJ8RH8\" rel=\"noopener\" target=\"_blank\">V056<\/a><\/td><td class=\"column-3\"><em>rep\u00e8re de Frenet<\/em><\/td>\n<\/tr>\n<tr class=\"row-17\">\n\t<td class=\"column-1\"><\/td><td class=\"column-2\"><a href=\"https:\/\/youtu.be\/ksMbyr_9m-0\" rel=\"noopener\" target=\"_blank\">V059<\/a><\/td><td class=\"column-3\"><em>courbure d\u00e9velopp\u00e9e<\/em><\/td>\n<\/tr>\n<tr class=\"row-18\">\n\t<td class=\"column-1\"><\/td><td class=\"column-2\"><a href=\"https:\/\/youtu.be\/QkiSDgu46mk\" rel=\"noopener\" target=\"_blank\">V054<\/a><\/td><td class=\"column-3\"><em>enveloppe de droites<\/em><\/td>\n<\/tr>\n<tr class=\"row-19\">\n\t<td class=\"column-1\">\u00e9tudes d'arcs param\u00e9tr\u00e9s<\/td><td class=\"column-2\"><a href=\"http:\/\/matimatheque.fr\/wp-content\/uploads\/2021\/06\/mati2A_arcparamcomplet.pdf\" rel=\"noopener\" target=\"_blank\">exos<\/a><\/td><td class=\"column-3\"><\/td>\n<\/tr>\n<tr class=\"row-20\">\n\t<td class=\"column-1\">coniques<\/td><td class=\"column-2\"><a href=\"http:\/\/matimatheque.fr\/wp-content\/uploads\/2021\/06\/mati2A_coniques.pdf\" rel=\"noopener\" target=\"_blank\">exos<\/a><\/td><td class=\"column-3\"><\/td>\n<\/tr>\n<tr class=\"row-21\">\n\t<td class=\"column-1\"><\/td><td class=\"column-2\"><\/td><td class=\"column-3\"><\/td>\n<\/tr>\n<\/tbody>\n<\/table>\n\n<\/div><!-- #tablepress-9 from cache -->\n\n\n\n<h2 class=\"wp-block-heading\">G\u00e9om\u00e9trie 3D 1A<\/h2>\n\n\n<div id=\"tablepress-18-scroll-wrapper\" class=\"tablepress-scroll-wrapper\">\n\n<table id=\"tablepress-18\" class=\"tablepress tablepress-id-18 tablepress-responsive\">\n<tbody class=\"row-striping row-hover\">\n<tr class=\"row-1\">\n\t<td class=\"column-1\">changement de rep\u00e8re<\/td><td class=\"column-2\"><a href=\"http:\/\/matimatheque.fr\/wp-content\/uploads\/2021\/06\/mati1A_chgtrepere3D.pdf\" rel=\"noopener\" target=\"_blank\">exos<\/a><\/td><td class=\"column-3\"><\/td><td class=\"column-4\"><\/td><td class=\"column-5\"><\/td>\n<\/tr>\n<tr class=\"row-2\">\n\t<td class=\"column-1\">droites, plans, sph\u00e8res<\/td><td class=\"column-2\"><a href=\"http:\/\/matimatheque.fr\/wp-content\/uploads\/2021\/06\/mati1A_droitesplansspheres.pdf\">exos<\/a><\/td><td class=\"column-3\"><\/td><td class=\"column-4\"><\/td><td class=\"column-5\"><\/td>\n<\/tr>\n<\/tbody>\n<\/table>\n\n<\/div><!-- #tablepress-18 from cache -->\n\n\n\n<h2 class=\"wp-block-heading\">G\u00e9om\u00e9trie 3D 2A<\/h2>\n\n\n<div id=\"tablepress-17-scroll-wrapper\" class=\"tablepress-scroll-wrapper\">\n\n<table id=\"tablepress-17\" class=\"tablepress tablepress-id-17 tablepress-responsive\">\n<thead>\n<tr class=\"row-1\">\n\t<th class=\"column-1\"><a href=\"https:\/\/matimatheque.fr\/wp-content\/uploads\/2022\/02\/geo3D21.pdf\" rel=\"noopener\" target=\"_blank\">poly<\/a><\/th><td class=\"column-2\"><\/td><td class=\"column-3\"><\/td>\n<\/tr>\n<\/thead>\n<tbody class=\"row-striping row-hover\">\n<tr class=\"row-2\">\n\t<td class=\"column-1\"><\/td><td class=\"column-2\"><a href=\"https:\/\/youtu.be\/-E8Qc13U_tA\" rel=\"noopener\" target=\"_blank\">V116<\/a><\/td><td class=\"column-3\"><em>rappels de Geo 3D<\/em><\/td>\n<\/tr>\n<tr class=\"row-3\">\n\t<td class=\"column-1\"><\/td><td class=\"column-2\"><a href=\"https:\/\/youtu.be\/6L-sbyPGAUQ\" rel=\"noopener\" target=\"_blank\">V117<\/a><\/td><td class=\"column-3\"><em>courbes param\u00e9tr\u00e9es de l'espace<\/em><\/td>\n<\/tr>\n<tr class=\"row-4\">\n\t<td class=\"column-1\"><\/td><td class=\"column-2\"><a href=\"https:\/\/youtu.be\/Ogo1BhgjAhk\" rel=\"noopener\" target=\"_blank\">V118<\/a><\/td><td class=\"column-3\"><em>surface d\u00e9finie par une \u00e9quation cart\u00e9sienne<\/em><\/td>\n<\/tr>\n<tr class=\"row-5\">\n\t<td class=\"column-1\"><\/td><td class=\"column-2\"><a href=\"https:\/\/youtu.be\/ZRxcpWoP9AY\" rel=\"noopener\" target=\"_blank\">V119<\/a><\/td><td class=\"column-3\"><em>nappes param\u00e9tr\u00e9es<\/em><\/td>\n<\/tr>\n<tr class=\"row-6\">\n\t<td class=\"column-1\"><\/td><td class=\"column-2\"><a href=\"https:\/\/youtu.be\/9qI7bnDb1Wc\" rel=\"noopener\" target=\"_blank\">V122<\/a><\/td><td class=\"column-3\"><em>\u00e9tude position plan tangent\/surgace<\/em><\/td>\n<\/tr>\n<tr class=\"row-7\">\n\t<td class=\"column-1\"><\/td><td class=\"column-2\"><a href=\"https:\/\/youtu.be\/1k6MkuxTsFg\" rel=\"noopener\" target=\"_blank\">V120<\/a><\/td><td class=\"column-3\"><em>surface de r\u00e9volution<\/em><\/td>\n<\/tr>\n<tr class=\"row-8\">\n\t<td class=\"column-1\"><\/td><td class=\"column-2\"><a href=\"https:\/\/youtu.be\/7fGoSPfkBfs\" rel=\"noopener\" target=\"_blank\">V121<\/a><\/td><td class=\"column-3\"><em>surface r\u00e9gl\u00e9es<\/em><\/td>\n<\/tr>\n<tr class=\"row-9\">\n\t<td class=\"column-1\"><\/td><td class=\"column-2\"><a href=\"https:\/\/youtu.be\/9iJKmrxnAsU\" rel=\"noopener\" target=\"_blank\">V123<\/a><\/td><td class=\"column-3\"><em>courbe trac\u00e9e sur une surface<\/em><\/td>\n<\/tr>\n<tr class=\"row-10\">\n\t<td class=\"column-1\"><\/td><td class=\"column-2\"><a href=\"https:\/\/youtu.be\/0WAVLUY8p90\" rel=\"noopener\" target=\"_blank\">V115<\/a><\/td><td class=\"column-3\"><em>fonctions de R^p dans R^n<\/em><\/td>\n<\/tr>\n<tr class=\"row-11\">\n\t<td class=\"column-1\"><\/td><td class=\"column-2\"><a href=\"https:\/\/www.geogebra.org\/m\/nuse3ww9\" rel=\"noopener\" target=\"_blank\">exemple 14<\/a><\/td><td class=\"column-3\"><\/td>\n<\/tr>\n<tr class=\"row-12\">\n\t<td class=\"column-1\"><\/td><td class=\"column-2\"><a href=\"https:\/\/www.geogebra.org\/m\/awejcx33\" rel=\"noopener\" target=\"_blank\">Mac Do<\/a><\/td><td class=\"column-3\"><\/td>\n<\/tr>\n<tr class=\"row-13\">\n\t<td class=\"column-1\">sym\u00e9tries surfaces<\/td><td class=\"column-2\"><a href=\"http:\/\/matimatheque.fr\/wp-content\/uploads\/2021\/06\/mati2A_symetriesurface.pdf\" rel=\"noopener\" target=\"_blank\">exos<\/a><\/td><td class=\"column-3\"><\/td>\n<\/tr>\n<tr class=\"row-14\">\n\t<td class=\"column-1\">param\u00e9trique\/cart\u00e9sien<\/td><td class=\"column-2\"><a href=\"http:\/\/matimatheque.fr\/wp-content\/uploads\/2021\/06\/mati2A_surfaceparameqcartes.pdf\" rel=\"noopener\" target=\"_blank\">exos<\/a><\/td><td class=\"column-3\"><\/td>\n<\/tr>\n<tr class=\"row-15\">\n\t<td class=\"column-1\">surface de r\u00e9volution<\/td><td class=\"column-2\"><a href=\"http:\/\/matimatheque.fr\/wp-content\/uploads\/2021\/06\/mati2A_surfacerevolution.pdf\" rel=\"noopener\" target=\"_blank\">exos<\/a><\/td><td class=\"column-3\"><\/td>\n<\/tr>\n<tr class=\"row-16\">\n\t<td class=\"column-1\">plan tangent<\/td><td class=\"column-2\"><a href=\"http:\/\/matimatheque.fr\/wp-content\/uploads\/2021\/06\/mati2A_plantangent.pdf\" rel=\"noopener\" target=\"_blank\">exos<\/a><\/td><td class=\"column-3\"><\/td>\n<\/tr>\n<\/tbody>\n<\/table>\n\n<\/div><!-- #tablepress-17 from cache -->\n","protected":false},"excerpt":{"rendered":"<p>G\u00e9om\u00e9trie plane 1A G\u00e9om\u00e9trie plane 2A G\u00e9om\u00e9trie 3D 1A G\u00e9om\u00e9trie 3D 2A<\/p>\n","protected":false},"author":1,"featured_media":0,"parent":0,"menu_order":0,"comment_status":"closed","ping_status":"closed","template":"","meta":{"footnotes":""},"class_list":["post-253","page","type-page","status-publish","hentry"],"_links":{"self":[{"href":"https:\/\/matimatheque.fr\/index.php?rest_route=\/wp\/v2\/pages\/253","targetHints":{"allow":["GET"]}}],"collection":[{"href":"https:\/\/matimatheque.fr\/index.php?rest_route=\/wp\/v2\/pages"}],"about":[{"href":"https:\/\/matimatheque.fr\/index.php?rest_route=\/wp\/v2\/types\/page"}],"author":[{"embeddable":true,"href":"https:\/\/matimatheque.fr\/index.php?rest_route=\/wp\/v2\/users\/1"}],"replies":[{"embeddable":true,"href":"https:\/\/matimatheque.fr\/index.php?rest_route=%2Fwp%2Fv2%2Fcomments&post=253"}],"version-history":[{"count":7,"href":"https:\/\/matimatheque.fr\/index.php?rest_route=\/wp\/v2\/pages\/253\/revisions"}],"predecessor-version":[{"id":1699,"href":"https:\/\/matimatheque.fr\/index.php?rest_route=\/wp\/v2\/pages\/253\/revisions\/1699"}],"wp:attachment":[{"href":"https:\/\/matimatheque.fr\/index.php?rest_route=%2Fwp%2Fv2%2Fmedia&parent=253"}],"curies":[{"name":"wp","href":"https:\/\/api.w.org\/{rel}","templated":true}]}}