{"id":247,"date":"2021-06-01T18:52:30","date_gmt":"2021-06-01T16:52:30","guid":{"rendered":"http:\/\/matimatheque.fr\/?page_id=247"},"modified":"2023-08-21T17:14:20","modified_gmt":"2023-08-21T15:14:20","slug":"algebre-2a","status":"publish","type":"page","link":"https:\/\/matimatheque.fr\/?page_id=247","title":{"rendered":"Alg\u00e8bre"},"content":{"rendered":"\n<h2 class=\"wp-block-heading\">Espaces vectoriels 1A<\/h2>\n\n\n<div id=\"tablepress-15-scroll-wrapper\" class=\"tablepress-scroll-wrapper\">\n\n<table id=\"tablepress-15\" class=\"tablepress tablepress-id-15 tablepress-responsive\">\n<tbody class=\"row-striping row-hover\">\n<tr class=\"row-1\">\n\t<td class=\"column-1\"><a href=\"https:\/\/matimatheque.fr\/wp-content\/uploads\/2021\/08\/rev_sev_21.pdf\" rel=\"noopener\" target=\"_blank\">polycop<\/a><\/td><td class=\"column-2\"><\/td><td class=\"column-3\"><\/td>\n<\/tr>\n<tr class=\"row-2\">\n\t<td class=\"column-1\"><\/td><td class=\"column-2\"><a href=\"https:\/\/youtu.be\/tPe8IFz_Vdo\" rel=\"noopener\" target=\"_blank\">R005<\/a><\/td><td class=\"column-3\"><em>d\u00e9finitions, r\u00e8gles de calcul sev<\/em><\/td>\n<\/tr>\n<tr class=\"row-3\">\n\t<td class=\"column-1\"><\/td><td class=\"column-2\"><a href=\"https:\/\/youtu.be\/ywOU3B6HGsU\" rel=\"noopener\" target=\"_blank\">R005bis<\/a><\/td><td class=\"column-3\"><em> sous-espace vectoriel<\/em><\/td>\n<\/tr>\n<tr class=\"row-4\">\n\t<td class=\"column-1\"><\/td><td class=\"column-2\"><a href=\"https:\/\/youtu.be\/HPc1tR4AAkY\" rel=\"noopener\" target=\"_blank\">R006<\/a><\/td><td class=\"column-3\"><em> somme de 2 sev<\/em><\/td>\n<\/tr>\n<tr class=\"row-5\">\n\t<td class=\"column-1\"><\/td><td class=\"column-2\"><a href=\"https:\/\/youtu.be\/Xg8_vXGJdjA\" rel=\"noopener\" target=\"_blank\">R007<\/a><\/td><td class=\"column-3\"><em>familles g\u00e9n\u00e9ratrices<\/em><\/td>\n<\/tr>\n<tr class=\"row-6\">\n\t<td class=\"column-1\"><\/td><td class=\"column-2\"><a href=\"https:\/\/youtu.be\/u2e2aEOKSfc\" rel=\"noopener\" target=\"_blank\">R008<\/a><\/td><td class=\"column-3\"><em>familles libres ou li\u00e9es<\/em><\/td>\n<\/tr>\n<tr class=\"row-7\">\n\t<td class=\"column-1\"><\/td><td class=\"column-2\"><a href=\"https:\/\/youtu.be\/T-XHAnEz31s\" rel=\"noopener\" target=\"_blank\">R009<\/a><\/td><td class=\"column-3\"><em>bases<\/em><\/td>\n<\/tr>\n<tr class=\"row-8\">\n\t<td class=\"column-1\"><\/td><td class=\"column-2\"><a href=\"https:\/\/youtu.be\/8AnzOxmPlIg\" rel=\"noopener\" target=\"_blank\">R010<\/a><\/td><td class=\"column-3\"><em>ev de dim finie<\/em><\/td>\n<\/tr>\n<tr class=\"row-9\">\n\t<td class=\"column-1\">bases<\/td><td class=\"column-2\"><a href=\"http:\/\/matimatheque.fr\/wp-content\/uploads\/2021\/06\/mati1A_bases.pdf\">exos<\/a><\/td><td class=\"column-3\"><\/td>\n<\/tr>\n<\/tbody>\n<\/table>\n\n<\/div><!-- #tablepress-15 from cache -->\n\n\n\n<h2 class=\"wp-block-heading\">Applications lin\u00e9aires 1A<\/h2>\n\n\n<div id=\"tablepress-5-scroll-wrapper\" class=\"tablepress-scroll-wrapper\">\n\n<table id=\"tablepress-5\" class=\"tablepress tablepress-id-5 tablepress-responsive\">\n<tbody class=\"row-striping row-hover\">\n<tr class=\"row-1\">\n\t<td class=\"column-1\"><a href=\"https:\/\/matimatheque.fr\/wp-content\/uploads\/2021\/07\/rev_applin21.pdf\" rel=\"noopener\" target=\"_blank\">polycop<\/a><\/td><td class=\"column-2\"><\/td><td class=\"column-3\"><\/td>\n<\/tr>\n<tr class=\"row-2\">\n\t<td class=\"column-1\"><\/td><td class=\"column-2\"><a href=\"https:\/\/youtu.be\/DHg4g6muobE\" rel=\"noopener\" target=\"_blank\">R001<\/a><\/td><td class=\"column-3\"><em>premi\u00e8res d\u00e9finitions<\/em><\/td>\n<\/tr>\n<tr class=\"row-3\">\n\t<td class=\"column-1\"><\/td><td class=\"column-2\"><a href=\"https:\/\/youtu.be\/MwkwirKGbPU\" rel=\"noopener\" target=\"_blank\">R002<\/a><\/td><td class=\"column-3\"><em>noyau et image<\/em><\/td>\n<\/tr>\n<tr class=\"row-4\">\n\t<td class=\"column-1\"><\/td><td class=\"column-2\"><a href=\"https:\/\/youtu.be\/J4XwOStVeV4\" rel=\"noopener\" target=\"_blank\">R003<\/a><\/td><td class=\"column-3\"><em>\u00e9quations lin\u00e9aires<\/em><\/td>\n<\/tr>\n<tr class=\"row-5\">\n\t<td class=\"column-1\"><\/td><td class=\"column-2\"><a href=\"https:\/\/youtu.be\/umuR8dMcMsk\" rel=\"noopener\" target=\"_blank\">R004<\/a><\/td><td class=\"column-3\"><em>app.lin. d\u00e9finies sur un sev de dim finie(1\/3)<\/em><\/td>\n<\/tr>\n<tr class=\"row-6\">\n\t<td class=\"column-1\"><\/td><td class=\"column-2\"><a href=\"https:\/\/youtu.be\/6mQ7ovl_Zk4\" rel=\"noopener\" target=\"_blank\">R004bis<\/a><\/td><td class=\"column-3\"><em>app.lin. d\u00e9finies sur un sev de dim finie(2\/3)<\/em><\/td>\n<\/tr>\n<tr class=\"row-7\">\n\t<td class=\"column-1\"><\/td><td class=\"column-2\"><a href=\"https:\/\/youtu.be\/K2-TYNYvDTk\" rel=\"noopener\" target=\"_blank\">R004ter<\/a><\/td><td class=\"column-3\"><em>app.lin. d\u00e9finies sur un sev de dim finie(3\/3)<\/em><\/td>\n<\/tr>\n<tr class=\"row-8\">\n\t<td class=\"column-1\">application lin\u00e9aire<\/td><td class=\"column-2\"><a href=\"http:\/\/matimatheque.fr\/wp-content\/uploads\/2021\/06\/mati1A_applilin.pdf\">exos<\/a><\/td><td class=\"column-3\"><\/td>\n<\/tr>\n<\/tbody>\n<\/table>\n\n<\/div><!-- #tablepress-5 from cache -->\n\n\n\n<h2 class=\"wp-block-heading\">Matrices 1A<\/h2>\n\n\n<div id=\"tablepress-1-scroll-wrapper\" class=\"tablepress-scroll-wrapper\">\n\n<table id=\"tablepress-1\" class=\"tablepress tablepress-id-1 tablepress-responsive\">\n<thead>\n<tr class=\"row-1\">\n\t<td class=\"column-1\"><\/td><td class=\"column-2\"><\/td><td class=\"column-3\"><\/td>\n<\/tr>\n<\/thead>\n<tbody class=\"row-striping row-hover\">\n<tr class=\"row-2\">\n\t<td class=\"column-1\"><a href=\"https:\/\/matimatheque.fr\/wp-content\/uploads\/2021\/08\/rev_matrices2021.pdf\">polycop<\/a><\/td><td class=\"column-2\"><\/td><td class=\"column-3\"><\/td>\n<\/tr>\n<tr class=\"row-3\">\n\t<td class=\"column-1\"><\/td><td class=\"column-2\"><a href=\"https:\/\/youtu.be\/lDvH4giIowI\" rel=\"noopener\" target=\"_blank\">R011<\/a><\/td><td class=\"column-3\"><em>d\u00e9finitions<\/em><\/td>\n<\/tr>\n<tr class=\"row-4\">\n\t<td class=\"column-1\"><\/td><td class=\"column-2\"><a href=\"https:\/\/youtu.be\/xy5BVs0UjGc\" rel=\"noopener\" target=\"_blank\">R012<\/a><\/td><td class=\"column-3\"><em>l 'espace vectoriel des matrices<\/em><\/td>\n<\/tr>\n<tr class=\"row-5\">\n\t<td class=\"column-1\"><\/td><td class=\"column-2\"><a href=\"https:\/\/youtu.be\/dH9WuDjmcT4\" rel=\"noopener\" target=\"_blank\">R013<\/a><\/td><td class=\"column-3\"><em>produit matriciel<\/em><\/td>\n<\/tr>\n<tr class=\"row-6\">\n\t<td class=\"column-1\"><\/td><td class=\"column-2\"><a href=\"https:\/\/youtu.be\/ZLGTdDezRdg\" rel=\"noopener\" target=\"_blank\">R014<\/a><\/td><td class=\"column-3\"><em>transposition<\/em><\/td>\n<\/tr>\n<tr class=\"row-7\">\n\t<td class=\"column-1\"><\/td><td class=\"column-2\"><a href=\"https:\/\/youtu.be\/Sj1aa1rKggg\" rel=\"noopener\" target=\"_blank\">R015<\/a><\/td><td class=\"column-3\"><em> matrices diagonales et triangulaires<\/em><\/td>\n<\/tr>\n<tr class=\"row-8\">\n\t<td class=\"column-1\"><\/td><td class=\"column-2\"><a href=\"https:\/\/youtu.be\/mPgqVy6bXS4\" rel=\"noopener\" target=\"_blank\">R016<\/a><\/td><td class=\"column-3\"><em>matrices inversibles(1\/2)<\/em><\/td>\n<\/tr>\n<tr class=\"row-9\">\n\t<td class=\"column-1\"><\/td><td class=\"column-2\"><a href=\"https:\/\/youtu.be\/KwLDaEUKVkk\" rel=\"noopener\" target=\"_blank\">R016bis<\/a><\/td><td class=\"column-3\"><em>matrices inversibles(2\/2)<\/em><\/td>\n<\/tr>\n<tr class=\"row-10\">\n\t<td class=\"column-1\"><\/td><td class=\"column-2\"><a href=\"https:\/\/youtu.be\/FSyBWanIrn0\" rel=\"noopener\" target=\"_blank\">R017<\/a><\/td><td class=\"column-3\"><em>application canoniquement associ\u00e9<\/em><\/td>\n<\/tr>\n<tr class=\"row-11\">\n\t<td class=\"column-1\"><\/td><td class=\"column-2\"><a href=\"https:\/\/youtu.be\/vBNZKmM1pG8\" rel=\"noopener\" target=\"_blank\">R018<\/a><\/td><td class=\"column-3\"><em>propri\u00e9t\u00e9s du rang<\/em><\/td>\n<\/tr>\n<tr class=\"row-12\">\n\t<td class=\"column-1\"><\/td><td class=\"column-2\"><a href=\"https:\/\/youtu.be\/EvP4fV_qUj0\" rel=\"noopener\" target=\"_blank\">R019<\/a><\/td><td class=\"column-3\"><em>caract\u00e9risations des matrices inversibles<\/em><\/td>\n<\/tr>\n<tr class=\"row-13\">\n\t<td class=\"column-1\"><\/td><td class=\"column-2\"><a href=\"https:\/\/youtu.be\/XDHjkdvkhWw\" rel=\"noopener\" target=\"_blank\">R020<\/a><\/td><td class=\"column-3\"><em>formules de changement de bases<\/em><\/td>\n<\/tr>\n<tr class=\"row-14\">\n\t<td class=\"column-1\"><\/td><td class=\"column-2\"><a href=\"https:\/\/youtu.be\/qr06EfmfBdg\" rel=\"noopener\" target=\"_blank\">V010<\/a><\/td><td class=\"column-3\"><em>matrices semblables(1\/3)<\/em><\/td>\n<\/tr>\n<tr class=\"row-15\">\n\t<td class=\"column-1\"><\/td><td class=\"column-2\"><a href=\"https:\/\/youtu.be\/q4MpJT-e3No\" rel=\"noopener\" target=\"_blank\">V011<\/a><\/td><td class=\"column-3\"><em>matrices semblables(2\/3)<\/em><\/td>\n<\/tr>\n<tr class=\"row-16\">\n\t<td class=\"column-1\"><\/td><td class=\"column-2\"><a href=\"https:\/\/youtu.be\/2Lto7sUKThQ\" rel=\"noopener\" target=\"_blank\">V012<\/a><\/td><td class=\"column-3\"><em>matrices semblables(3\/3)<\/em><\/td>\n<\/tr>\n<tr class=\"row-17\">\n\t<td class=\"column-1\">matrices<\/td><td class=\"column-2\"><a href=\"http:\/\/matimatheque.fr\/wp-content\/uploads\/2021\/06\/mati1A_matrices.pdf\" rel=\"noopener\" target=\"_blank\">exos<\/a><\/td><td class=\"column-3\"><\/td>\n<\/tr>\n<tr class=\"row-18\">\n\t<td class=\"column-1\">syst\u00e8mes lin\u00e9aires<\/td><td class=\"column-2\"><a href=\"http:\/\/matimatheque.fr\/wp-content\/uploads\/2021\/06\/mati1A_systlin.pdf\" rel=\"noopener\" target=\"_blank\">exos<\/a><\/td><td class=\"column-3\"><\/td>\n<\/tr>\n<\/tbody>\n<\/table>\n\n<\/div><!-- #tablepress-1 from cache -->\n\n\n\n<h2 class=\"wp-block-heading\">Compl\u00e9ments d&rsquo;alg\u00e8bre lin\u00e9aire 2A<\/h2>\n\n\n<div id=\"tablepress-24-scroll-wrapper\" class=\"tablepress-scroll-wrapper\">\n\n<table id=\"tablepress-24\" class=\"tablepress tablepress-id-24 tablepress-responsive\">\n<thead>\n<tr class=\"row-1\">\n\t<td class=\"column-1\"><\/td><td class=\"column-2\"><\/td><td class=\"column-3\"><\/td>\n<\/tr>\n<\/thead>\n<tbody class=\"row-striping row-hover\">\n<tr class=\"row-2\">\n\t<td class=\"column-1\"><a href=\"https:\/\/matimatheque.fr\/wp-content\/uploads\/2021\/09\/endo_rem21.pdf\" rel=\"noopener\" target=\"_blank\">projecteurs &amp; sym\u00e9tries<\/a><\/td><td class=\"column-2\"><a href=\"https:\/\/youtu.be\/3buUcIlQZCY\" rel=\"noopener\" target=\"_blank\">R030<\/a><\/td><td class=\"column-3\"><em>homoth\u00e9ties<\/em><\/td>\n<\/tr>\n<tr class=\"row-3\">\n\t<td class=\"column-1\"><\/td><td class=\"column-2\"><a href=\"https:\/\/youtu.be\/Ppw-jDmV3Mg\" rel=\"noopener\" target=\"_blank\">R031<\/a><\/td><td class=\"column-3\"><em>projections (1\/4)<\/em><\/td>\n<\/tr>\n<tr class=\"row-4\">\n\t<td class=\"column-1\"><\/td><td class=\"column-2\"><a href=\"https:\/\/youtu.be\/tP0fnGpgYag\" rel=\"noopener\" target=\"_blank\">R032<\/a><\/td><td class=\"column-3\"><em>projections (2\/4)<\/em><\/td>\n<\/tr>\n<tr class=\"row-5\">\n\t<td class=\"column-1\"><\/td><td class=\"column-2\"><a href=\"https:\/\/youtu.be\/aW8orIb0Uno\" rel=\"noopener\" target=\"_blank\">R033<\/a><\/td><td class=\"column-3\"><em>projections (3\/4)<\/em><\/td>\n<\/tr>\n<tr class=\"row-6\">\n\t<td class=\"column-1\"><\/td><td class=\"column-2\"><a href=\"https:\/\/youtu.be\/Gp1qFF-jvc4\" rel=\"noopener\" target=\"_blank\">R034<\/a><\/td><td class=\"column-3\"><em>projections (4\/4)<\/em><\/td>\n<\/tr>\n<tr class=\"row-7\">\n\t<td class=\"column-1\"><\/td><td class=\"column-2\"><a href=\"https:\/\/youtu.be\/RJ8AQnsXANg\" rel=\"noopener\" target=\"_blank\">R035<\/a><\/td><td class=\"column-3\"><em>sym\u00e9tries vectorielles (1\/3)<\/em><\/td>\n<\/tr>\n<tr class=\"row-8\">\n\t<td class=\"column-1\"><\/td><td class=\"column-2\"><a href=\"https:\/\/youtu.be\/kJR3UQF2LrE\" rel=\"noopener\" target=\"_blank\">R036<\/a><\/td><td class=\"column-3\"><em>sym\u00e9tries vectorielles (2\/3)<\/em><\/td>\n<\/tr>\n<tr class=\"row-9\">\n\t<td class=\"column-1\"><\/td><td class=\"column-2\"><a href=\"https:\/\/youtu.be\/HkPxlAI91jE\" rel=\"noopener\" target=\"_blank\">R037<\/a><\/td><td class=\"column-3\"><em>sym\u00e9tries vectorielles (3\/3)<\/em><\/td>\n<\/tr>\n<tr class=\"row-10\">\n\t<td class=\"column-1\"><a href=\"https:\/\/matimatheque.fr\/wp-content\/uploads\/2021\/09\/hyperplan21.pdf\" rel=\"noopener\" target=\"_blank\">trace, hyperplans et formes lin\u00e9aires<\/a><\/td><td class=\"column-2\"><\/td><td class=\"column-3\"><em>hyperplan et forme lin\u00e9aire<\/em><\/td>\n<\/tr>\n<tr class=\"row-11\">\n\t<td class=\"column-1\"><\/td><td class=\"column-2\"><a href=\"https:\/\/youtu.be\/lzfLjwoLEoI\" rel=\"noopener\" target=\"_blank\">A001<\/a><\/td><td class=\"column-3\"><em>intersection d'hyperplans<\/em><\/td>\n<\/tr>\n<tr class=\"row-12\">\n\t<td class=\"column-1\"><\/td><td class=\"column-2\"><a href=\"https:\/\/youtu.be\/2sQG5U-p0rQ\" rel=\"noopener\" target=\"_blank\">R040<\/a><\/td><td class=\"column-3\"><em>trace d'une matrice<\/em><\/td>\n<\/tr>\n<tr class=\"row-13\">\n\t<td class=\"column-1\"><\/td><td class=\"column-2\"><a href=\"https:\/\/youtu.be\/cmKgPpgtoq0\" rel=\"noopener\" target=\"_blank\">R041<\/a><\/td><td class=\"column-3\"><em>trace d'un endomorphisme<\/em><\/td>\n<\/tr>\n<tr class=\"row-14\">\n\t<td class=\"column-1\"><a href=\"https:\/\/matimatheque.fr\/wp-content\/uploads\/2021\/08\/det21.pdf\" rel=\"noopener\" target=\"_blank\">d\u00e9terminants<\/a><\/td><td class=\"column-2\"><a href=\"https:\/\/youtu.be\/RCJSqkJnlPY\" rel=\"noopener\" target=\"_blank\">V016<\/a><\/td><td class=\"column-3\"><em>d\u00e9terminant d'une matrice<\/em><\/td>\n<\/tr>\n<tr class=\"row-15\">\n\t<td class=\"column-1\"><\/td><td class=\"column-2\"><a href=\"https:\/\/youtu.be\/FBB_XI1Pht8\" rel=\"noopener\" target=\"_blank\">V018<\/a><\/td><td class=\"column-3\"><em>d\u00e9terminant d'une famille de vecteurs<\/em><\/td>\n<\/tr>\n<tr class=\"row-16\">\n\t<td class=\"column-1\"><\/td><td class=\"column-2\"><a href=\"https:\/\/youtu.be\/y9_R9rC8FBk\" rel=\"noopener\" target=\"_blank\">V017<\/a><\/td><td class=\"column-3\"><em>d\u00e9terminant d'un endomorphisme<\/em><\/td>\n<\/tr>\n<tr class=\"row-17\">\n\t<td class=\"column-1\"><\/td><td class=\"column-2\"><\/td><td class=\"column-3\"><em>syst\u00e8me lin\u00e9aire et matrice<\/em><\/td>\n<\/tr>\n<tr class=\"row-18\">\n\t<td class=\"column-1\"><a href=\"https:\/\/matimatheque.fr\/wp-content\/uploads\/2022\/01\/compl_alglin21vrai.pdf\">compl\u00e9ments AL<\/a><\/td><td class=\"column-2\"><\/td><td class=\"column-3\"><em>sev engendr\u00e9 par une partie<\/em><\/td>\n<\/tr>\n<tr class=\"row-19\">\n\t<td class=\"column-1\"><\/td><td class=\"column-2\"><a href=\"https:\/\/youtu.be\/-CBv9wwxpy8\" rel=\"noopener\" target=\"_blank\">W009<\/a><\/td><td class=\"column-3\"><em>somme de n sev<\/em><\/td>\n<\/tr>\n<tr class=\"row-20\">\n\t<td class=\"column-1\"><\/td><td class=\"column-2\"><a href=\"https:\/\/youtu.be\/LUzZVKSEMbw\" rel=\"noopener\" target=\"_blank\">W010<\/a><\/td><td class=\"column-3\"><em> projecteurs associ\u00e9s \u00e0 une d\u00e9composition<\/em><\/td>\n<\/tr>\n<tr class=\"row-21\">\n\t<td class=\"column-1\"><\/td><td class=\"column-2\"><a href=\"https:\/\/youtu.be\/8TKyDbC_UWs\" rel=\"noopener\" target=\"_blank\">W012<\/a><\/td><td class=\"column-3\"><em>famille quelconque de vecteurs<\/em><\/td>\n<\/tr>\n<\/tbody>\n<\/table>\n\n<\/div><!-- #tablepress-24 from cache -->\n\n\n\n<h2 class=\"wp-block-heading\">R\u00e9duction 2A<\/h2>\n\n\n<div id=\"tablepress-7-scroll-wrapper\" class=\"tablepress-scroll-wrapper\">\n\n<table id=\"tablepress-7\" class=\"tablepress tablepress-id-7 tablepress-responsive\">\n<tbody class=\"row-striping row-hover\">\n<tr class=\"row-1\">\n\t<td class=\"column-1\"><a href=\"https:\/\/matimatheque.fr\/wp-content\/uploads\/2021\/12\/elepropres21.pdf\" rel=\"noopener\" target=\"_blank\">\u00e9l\u00e9ments propres<\/a><\/td><td class=\"column-2\"><a href=\"https:\/\/youtu.be\/EimLPZEVV-g\" rel=\"noopener\" target=\"_blank\">V037<\/a><\/td><td class=\"column-3\"><em>polyn\u00f4me caract\u00e9ristique d'une matrice<\/em><\/td>\n<\/tr>\n<tr class=\"row-2\">\n\t<td class=\"column-1\"><\/td><td class=\"column-2\"><a href=\"https:\/\/youtu.be\/LU18JNFd7U8\" rel=\"noopener\" target=\"_blank\">V040<\/a><\/td><td class=\"column-3\"><em>polyn\u00f4me caract\u00e9ristique d'un endomorphisme<\/em><\/td>\n<\/tr>\n<tr class=\"row-3\">\n\t<td class=\"column-1\"><\/td><td class=\"column-2\"><a href=\"https:\/\/youtu.be\/TO62VBhKXJE\" rel=\"noopener\" target=\"_blank\">V060<\/a><\/td><td class=\"column-3\"><em>\u00e9l\u00e9ments propres d'un endomorphisme 1<\/em><\/td>\n<\/tr>\n<tr class=\"row-4\">\n\t<td class=\"column-1\"><\/td><td class=\"column-2\"><a href=\"https:\/\/youtu.be\/keM8-mx0p7Y\" rel=\"noopener\" target=\"_blank\">V061<\/a><\/td><td class=\"column-3\"><em>\u00e9l\u00e9ments propres d'un endomorphisme 2<\/em><\/td>\n<\/tr>\n<tr class=\"row-5\">\n\t<td class=\"column-1\"><\/td><td class=\"column-2\"><a href=\"https:\/\/youtu.be\/WJyjZ2AjHZU\" rel=\"noopener\" target=\"_blank\">V062<\/a><\/td><td class=\"column-3\"><em>\u00e9l\u00e9ments propres d'une matrice<\/em><\/td>\n<\/tr>\n<tr class=\"row-6\">\n\t<td class=\"column-1\"><\/td><td class=\"column-2\"><a href=\"https:\/\/youtu.be\/7SAvAYrk_b8\" rel=\"noopener\" target=\"_blank\">V063<\/a><\/td><td class=\"column-3\"><em>propri\u00e9t\u00e9s des \u00e9l\u00e9ments propres<\/em><\/td>\n<\/tr>\n<tr class=\"row-7\">\n\t<td class=\"column-1\"><\/td><td class=\"column-2\"><\/td><td class=\"column-3\"><em>rappels sur les polyn\u00f4mes<\/em><\/td>\n<\/tr>\n<tr class=\"row-8\">\n\t<td class=\"column-1\"><\/td><td class=\"column-2\"><a href=\"https:\/\/youtu.be\/YfAlIpFFpUs\" rel=\"noopener\" target=\"_blank\">V032<\/a><\/td><td class=\"column-3\"><em>polyn\u00f4me matriciel<\/em><\/td>\n<\/tr>\n<tr class=\"row-9\">\n\t<td class=\"column-1\"><\/td><td class=\"column-2\"><a href=\"https:\/\/youtu.be\/NqYv7qkQRsc\" rel=\"noopener\" target=\"_blank\">V033<\/a><\/td><td class=\"column-3\"><em>polyn\u00f4me d'endomorphisme<\/em><\/td>\n<\/tr>\n<tr class=\"row-10\">\n\t<td class=\"column-1\"><\/td><td class=\"column-2\"><\/td><td class=\"column-3\"><em>compl\u00e9ment: matrice r\u00e9elle vue comme complexe<\/em><\/td>\n<\/tr>\n<tr class=\"row-11\">\n\t<td class=\"column-1\"><\/td><td class=\"column-2\"><a href=\"https:\/\/youtu.be\/-kdLSey44Xg\" rel=\"noopener\" target=\"_blank\">V034<\/a><\/td><td class=\"column-3\"><em>calcul de A^n par polyn\u00f4me annulateur<\/em><\/td>\n<\/tr>\n<tr class=\"row-12\">\n\t<td class=\"column-1\"><em>\u00e9l\u00e9ments propres<\/em><\/td><td class=\"column-2\"><a href=\"http:\/\/matimatheque.fr\/wp-content\/uploads\/2021\/06\/mati2A_elementspropres.pdf\">exos<\/a><\/td><td class=\"column-3\"><\/td>\n<\/tr>\n<tr class=\"row-13\">\n\t<td class=\"column-1\"><\/td><td class=\"column-2\"><\/td><td class=\"column-3\"><\/td>\n<\/tr>\n<tr class=\"row-14\">\n\t<td class=\"column-1\"><a href=\"https:\/\/matimatheque.fr\/wp-content\/uploads\/2021\/12\/reduction21.pdf\" rel=\"noopener\" target=\"_blank\">r\u00e9duction<\/a><\/td><td class=\"column-2\"><a href=\"https:\/\/youtu.be\/2L1gBe1QNWU\" rel=\"noopener\" target=\"_blank\">W008<\/a><\/td><td class=\"column-3\"><em>sev stable, endomorphisme enduit<\/em><\/td>\n<\/tr>\n<tr class=\"row-15\">\n\t<td class=\"column-1\"><\/td><td class=\"column-2\"><a href=\"https:\/\/youtu.be\/LQrDyypNjGw\" rel=\"noopener\" target=\"_blank\">V041<\/a><\/td><td class=\"column-3\"><em>endomorphismes diagonalisables 1<\/em><\/td>\n<\/tr>\n<tr class=\"row-16\">\n\t<td class=\"column-1\"><\/td><td class=\"column-2\"><a href=\"https:\/\/youtu.be\/CiBU3GfS-so\" rel=\"noopener\" target=\"_blank\">V064<\/a><\/td><td class=\"column-3\"><em>endomorphismes diagonalisables 2 <\/em><br \/>\n<\/td>\n<\/tr>\n<tr class=\"row-17\">\n\t<td class=\"column-1\"><\/td><td class=\"column-2\"><a href=\"https:\/\/youtu.be\/PRrOup4nwMg\" rel=\"noopener\" target=\"_blank\">V065<\/a><\/td><td class=\"column-3\"><em>matrices diagonalisables 1<\/em><\/td>\n<\/tr>\n<tr class=\"row-18\">\n\t<td class=\"column-1\"><\/td><td class=\"column-2\"><a href=\"https:\/\/youtu.be\/jlf1IcLig-I\" rel=\"noopener\" target=\"_blank\">V066<\/a><\/td><td class=\"column-3\"><em>matrices diagonalisables 2<\/em><\/td>\n<\/tr>\n<tr class=\"row-19\">\n\t<td class=\"column-1\"><\/td><td class=\"column-2\"><a href=\"https:\/\/youtu.be\/OE3GMAMt6co\" rel=\"noopener\" target=\"_blank\">V043<\/a><\/td><td class=\"column-3\"><em>endomorphismes trigonalisables<\/em><\/td>\n<\/tr>\n<tr class=\"row-20\">\n\t<td class=\"column-1\"><\/td><td class=\"column-2\"><a href=\"https:\/\/youtu.be\/b0deSRukQ2g\" rel=\"noopener\" target=\"_blank\">V067<\/a><\/td><td class=\"column-3\"><em> matrices trigonalisables<\/em><br \/>\n<\/td>\n<\/tr>\n<tr class=\"row-21\">\n\t<td class=\"column-1\"><\/td><td class=\"column-2\"><\/td><td class=\"column-3\"><em>compl\u00e9ments<\/em><\/td>\n<\/tr>\n<tr class=\"row-22\">\n\t<td class=\"column-1\"><\/td><td class=\"column-2\"><\/td><td class=\"column-3\"><em>calcul des puissances par r\u00e9duction <\/em><\/td>\n<\/tr>\n<tr class=\"row-23\">\n\t<td class=\"column-1\"><em>diagonalisation de matrices<\/em><\/td><td class=\"column-2\"><a href=\"http:\/\/matimatheque.fr\/wp-content\/uploads\/2021\/06\/mati2A_reduction.pdf\">exos<\/a><\/td><td class=\"column-3\"><\/td>\n<\/tr>\n<\/tbody>\n<\/table>\n\n<\/div><!-- #tablepress-7 from cache -->\n\n\n\n<h2 class=\"wp-block-heading\">Espaces pr\u00e9hilbertiens-isom\u00e9tries 2A<\/h2>\n\n\n<div id=\"tablepress-35-scroll-wrapper\" class=\"tablepress-scroll-wrapper\">\n\n<table id=\"tablepress-35\" class=\"tablepress tablepress-id-35 tablepress-responsive\">\n<thead>\n<tr class=\"row-1\">\n\t<th class=\"column-1\"><a href=\"https:\/\/matimatheque.fr\/wp-content\/uploads\/2021\/11\/esprehil21.pdf\" rel=\"noopener\" target=\"_blank\">poly epr<\/a><\/th><td class=\"column-2\"><\/td><td class=\"column-3\"><\/td>\n<\/tr>\n<\/thead>\n<tbody class=\"row-striping row-hover\">\n<tr class=\"row-2\">\n\t<td class=\"column-1\"><\/td><td class=\"column-2\"><a href=\"https:\/\/youtu.be\/i-spILmtdzc\" rel=\"noopener\" target=\"_blank\">W002<\/a><\/td><td class=\"column-3\"><em>d\u00e9finition du produit scalaire<\/em><\/td>\n<\/tr>\n<tr class=\"row-3\">\n\t<td class=\"column-1\"><\/td><td class=\"column-2\"><a href=\"https:\/\/youtu.be\/q3OQAGD60oI\" rel=\"noopener\" target=\"_blank\">W003<\/a><\/td><td class=\"column-3\"><em>produit scalaire usuel sur R^n<\/em><\/td>\n<\/tr>\n<tr class=\"row-4\">\n\t<td class=\"column-1\"><\/td><td class=\"column-2\"><a href=\"https:\/\/youtu.be\/gLjw110f2So\" rel=\"noopener\" target=\"_blank\">W004<\/a><\/td><td class=\"column-3\"><em>produit scalaire sur M_n(R)<\/em><\/td>\n<\/tr>\n<tr class=\"row-5\">\n\t<td class=\"column-1\"><\/td><td class=\"column-2\"><a href=\"https:\/\/youtu.be\/vWOnhWJj8hU\" rel=\"noopener\" target=\"_blank\">W005<\/a><\/td><td class=\"column-3\"><em>in\u00e9galit\u00e9 de Cauchy-Schwarz<\/em><\/td>\n<\/tr>\n<tr class=\"row-6\">\n\t<td class=\"column-1\"><\/td><td class=\"column-2\"><a href=\"https:\/\/youtu.be\/fQdYWhpddOE\" rel=\"noopener\" target=\"_blank\">V105<\/a><\/td><td class=\"column-3\"><em>proc\u00e9d\u00e9 d'orthonormalisation de Schmidt<\/em><\/td>\n<\/tr>\n<tr class=\"row-7\">\n\t<td class=\"column-1\"><\/td><td class=\"column-2\"><a href=\"https:\/\/youtu.be\/3efABOwfO48\" rel=\"noopener\" target=\"_blank\">W007<\/a><\/td><td class=\"column-3\"><em>expression des coordonn\u00e9es dans une bon<\/em><\/td>\n<\/tr>\n<tr class=\"row-8\">\n\t<td class=\"column-1\"><\/td><td class=\"column-2\"><a href=\"https:\/\/youtu.be\/C9qjxPqLyYI\" rel=\"noopener\" target=\"_blank\">W006<\/a><\/td><td class=\"column-3\"><em>d\u00e9monstration des th\u00e9o 13 et 14<\/em><\/td>\n<\/tr>\n<tr class=\"row-9\">\n\t<td class=\"column-1\"><a href=\"https:\/\/matimatheque.fr\/wp-content\/uploads\/2022\/02\/espeucl21.pdf\">poly isom\u00e9tries<\/a><\/td><td class=\"column-2\"><\/td><td class=\"column-3\"><\/td>\n<\/tr>\n<tr class=\"row-10\">\n\t<td class=\"column-1\"><\/td><td class=\"column-2\"><a href=\"https:\/\/youtu.be\/2esQ9FxgHTw\" rel=\"noopener\" target=\"_blank\">V111<\/a><\/td><td class=\"column-3\"><em>groupe orthogonal d'ordre 3<\/em><\/td>\n<\/tr>\n<tr class=\"row-11\">\n\t<td class=\"column-1\"><\/td><td class=\"column-2\"><\/td><td class=\"column-3\"><\/td>\n<\/tr>\n<tr class=\"row-12\">\n\t<td class=\"column-1\"><\/td><td class=\"column-2\"><\/td><td class=\"column-3\"><\/td>\n<\/tr>\n<tr class=\"row-13\">\n\t<td class=\"column-1\"><\/td><td class=\"column-2\"><\/td><td class=\"column-3\"><\/td>\n<\/tr>\n<\/tbody>\n<\/table>\n\n<\/div><!-- #tablepress-35 from cache -->\n","protected":false},"excerpt":{"rendered":"<p>Espaces vectoriels 1A Applications lin\u00e9aires 1A Matrices 1A Compl\u00e9ments d&rsquo;alg\u00e8bre lin\u00e9aire 2A R\u00e9duction 2A Espaces pr\u00e9hilbertiens-isom\u00e9tries 2A<\/p>\n","protected":false},"author":1,"featured_media":0,"parent":0,"menu_order":0,"comment_status":"closed","ping_status":"closed","template":"","meta":{"footnotes":""},"class_list":["post-247","page","type-page","status-publish","hentry"],"_links":{"self":[{"href":"https:\/\/matimatheque.fr\/index.php?rest_route=\/wp\/v2\/pages\/247","targetHints":{"allow":["GET"]}}],"collection":[{"href":"https:\/\/matimatheque.fr\/index.php?rest_route=\/wp\/v2\/pages"}],"about":[{"href":"https:\/\/matimatheque.fr\/index.php?rest_route=\/wp\/v2\/types\/page"}],"author":[{"embeddable":true,"href":"https:\/\/matimatheque.fr\/index.php?rest_route=\/wp\/v2\/users\/1"}],"replies":[{"embeddable":true,"href":"https:\/\/matimatheque.fr\/index.php?rest_route=%2Fwp%2Fv2%2Fcomments&post=247"}],"version-history":[{"count":12,"href":"https:\/\/matimatheque.fr\/index.php?rest_route=\/wp\/v2\/pages\/247\/revisions"}],"predecessor-version":[{"id":1697,"href":"https:\/\/matimatheque.fr\/index.php?rest_route=\/wp\/v2\/pages\/247\/revisions\/1697"}],"wp:attachment":[{"href":"https:\/\/matimatheque.fr\/index.php?rest_route=%2Fwp%2Fv2%2Fmedia&parent=247"}],"curies":[{"name":"wp","href":"https:\/\/api.w.org\/{rel}","templated":true}]}}