{"id":2258,"date":"2024-10-07T17:11:47","date_gmt":"2024-10-07T15:11:47","guid":{"rendered":"https:\/\/matimatheque.fr\/?page_id=2258"},"modified":"2025-03-18T21:28:35","modified_gmt":"2025-03-18T20:28:35","slug":"fiches-videos","status":"publish","type":"page","link":"https:\/\/matimatheque.fr\/?page_id=2258","title":{"rendered":"Cin\u00e9matimath\u00e8que"},"content":{"rendered":"\n<ul class=\"wp-block-list\">\n<li><a href=\"#cineIsometries\" data-type=\"internal\" data-id=\"#cineIsometries\">Isom\u00e9tries vectorielles<\/a><\/li>\n\n\n\n<li><a href=\"#cineGEO2D\" data-type=\"internal\" data-id=\"#cineGEO2D\">G\u00e9om\u00e9trie Plane<\/a><\/li>\n\n\n\n<li><a href=\"#cineGEO3D\">G\u00e9om\u00e9trie 3D<\/a><\/li>\n\n\n\n<li><a href=\"#CineFxsPlusVar\" data-type=\"internal\" data-id=\"#CineFxsPlusVar\">Fonctions de Plusieurs Variables<\/a><\/li>\n<\/ul>\n\n\n\n<h2 class=\"wp-block-heading has-text-align-center\" id=\"cineIsometries\">#Isom\u00e9tries Vectorielles<\/h2>\n\n\n\n<div class=\"wp-block-media-text is-stacked-on-mobile\"><figure class=\"wp-block-media-text__media\"><video controls src=\"https:\/\/matimatheque.fr\/wp-content\/uploads\/2025\/02\/Isom_vectorielles_HD.mp4\"><\/video><\/figure><div class=\"wp-block-media-text__content\">\n<p class=\"has-text-align-center has-normal-font-size\"><strong>Propri\u00e9t\u00e9s principales des isom\u00e9tries vectorielles<\/strong><\/p>\n<\/div><\/div>\n\n\n\n<h2 class=\"wp-block-heading has-text-align-center\" id=\"cineGEO2D\">#G\u00e9om\u00e9trie Plane<\/h2>\n\n\n\n<div class=\"wp-block-media-text has-media-on-the-right is-stacked-on-mobile\"><div class=\"wp-block-media-text__content\">\n<p class=\"has-text-align-center\"><strong>Comment passer d&rsquo;une repr\u00e9sentation param\u00e9trique \u00e0 une \u00e9quation cart\u00e9sienne et r\u00e9ciproquement<\/strong><\/p>\n<\/div><figure class=\"wp-block-media-text__media\"><video controls src=\"https:\/\/matimatheque.fr\/wp-content\/uploads\/2025\/03\/paramVScartesien.mp4\"><\/video><\/figure><\/div>\n\n\n\n<div class=\"wp-block-media-text is-stacked-on-mobile\"><figure class=\"wp-block-media-text__media\"><video controls src=\"https:\/\/matimatheque.fr\/wp-content\/uploads\/2025\/03\/TangenteCourbeParametrique.mp4\"><\/video><\/figure><div class=\"wp-block-media-text__content\">\n<p class=\"has-text-align-center\"><strong>Tangente \u00e0 une courbe plane donn\u00e9e par \u00e9quations param\u00e9triques<\/strong><\/p>\n<\/div><\/div>\n\n\n\n<div class=\"wp-block-media-text has-media-on-the-right is-stacked-on-mobile\"><div class=\"wp-block-media-text__content\">\n<p class=\"has-text-align-center\"><strong>Tangente \u00e0 une courbe plane donn\u00e9e par \u00e9quation cart\u00e9sienne<\/strong><\/p>\n<\/div><figure class=\"wp-block-media-text__media\"><video controls src=\"https:\/\/matimatheque.fr\/wp-content\/uploads\/2025\/03\/TangenteCourbeCartesienne.mp4\"><\/video><\/figure><\/div>\n\n\n\n<div class=\"wp-block-media-text is-stacked-on-mobile\"><figure class=\"wp-block-media-text__media\"><video controls src=\"https:\/\/matimatheque.fr\/wp-content\/uploads\/2025\/02\/defgeoconique.mp4\"><\/video><\/figure><div class=\"wp-block-media-text__content\">\n<p class=\"has-text-align-center\"><strong>D\u00e9finition g\u00e9om\u00e9trique d&rsquo;une conique<\/strong><\/p>\n<\/div><\/div>\n\n\n\n<div class=\"wp-block-media-text has-media-on-the-right is-stacked-on-mobile is-vertically-aligned-center\"><div class=\"wp-block-media-text__content\">\n<p class=\"has-text-align-center\"><strong>Pr\u00e9sentation des coniques<\/strong><\/p>\n<\/div><figure class=\"wp-block-media-text__media\"><video controls src=\"https:\/\/matimatheque.fr\/wp-content\/uploads\/2025\/02\/ConiquesPresentation.mp4\"><\/video><\/figure><\/div>\n\n\n\n<div class=\"wp-block-media-text is-stacked-on-mobile\"><figure class=\"wp-block-media-text__media\"><video controls src=\"https:\/\/matimatheque.fr\/wp-content\/uploads\/2024\/10\/Example.mp4\"><\/video><\/figure><div class=\"wp-block-media-text__content\">\n<p class=\"has-text-align-center\"><strong>Propri\u00e9t\u00e9s m\u00e9triques des courbes planes (r\u00e9sum\u00e9)<\/strong><\/p>\n<\/div><\/div>\n\n\n\n<div class=\"wp-block-media-text has-media-on-the-right is-stacked-on-mobile\"><div class=\"wp-block-media-text__content\">\n<p class=\"has-text-align-center\"><strong>Coniques d\u00e9g\u00e9n\u00e9r\u00e9es<\/strong><\/p>\n<\/div><figure class=\"wp-block-media-text__media\"><video controls src=\"https:\/\/matimatheque.fr\/wp-content\/uploads\/2025\/03\/ConiquesDegenerees-1.mp4\"><\/video><\/figure><\/div>\n\n\n\n<h2 class=\"wp-block-heading has-text-align-center\" id=\"cineGEO3D\">#G\u00e9om\u00e9trie 3D<\/h2>\n\n\n\n<div class=\"wp-block-group is-nowrap is-layout-flex wp-container-core-group-is-layout-ad2f72ca wp-block-group-is-layout-flex\">\n<div class=\"wp-block-media-text has-media-on-the-right is-stacked-on-mobile\"><div class=\"wp-block-media-text__content\">\n<p class=\"has-text-align-center\"><strong>Arcs, nappes et repr\u00e9sentations param\u00e9triques<\/strong><\/p>\n<\/div><figure class=\"wp-block-media-text__media\"><video controls src=\"https:\/\/matimatheque.fr\/wp-content\/uploads\/2025\/03\/RepresentationsParamatriques.mp4\"><\/video><\/figure><\/div>\n<\/div>\n\n\n\n<div class=\"wp-block-media-text is-stacked-on-mobile\"><figure class=\"wp-block-media-text__media\"><video controls src=\"https:\/\/matimatheque.fr\/wp-content\/uploads\/2025\/03\/DifferenceGEO2D3D.mp4\"><\/video><\/figure><div class=\"wp-block-media-text__content\">\n<p class=\"has-text-align-center\"><strong>Une \u00e9quation ne signifie pas la m\u00eame chose en g\u00e9om\u00e9trie plane et en g\u00e9om\u00e9trie 3D!<\/strong><\/p>\n<\/div><\/div>\n\n\n\n<div class=\"wp-block-media-text has-media-on-the-right is-stacked-on-mobile\"><div class=\"wp-block-media-text__content\">\n<p class=\"has-text-align-center\"><strong>Pr\u00e9sentation de surfaces tr\u00e8s classiques: les quadriques<\/strong><\/p>\n<\/div><figure class=\"wp-block-media-text__media\"><video controls src=\"https:\/\/matimatheque.fr\/wp-content\/uploads\/2025\/03\/lesQuadriques.mp4\"><\/video><\/figure><\/div>\n\n\n\n<div class=\"wp-block-media-text is-stacked-on-mobile\"><figure class=\"wp-block-media-text__media\"><video controls src=\"https:\/\/matimatheque.fr\/wp-content\/uploads\/2025\/03\/PlanTangentParametrique.mp4\"><\/video><\/figure><div class=\"wp-block-media-text__content\">\n<p class=\"has-text-align-center\"><strong>Plan tangent \u00e0 une surface donn\u00e9e sous forme param\u00e9trique<\/strong><\/p>\n<\/div><\/div>\n\n\n\n<div class=\"wp-block-media-text has-media-on-the-right is-stacked-on-mobile\"><div class=\"wp-block-media-text__content\">\n<p class=\"has-text-align-center\"><strong>Plan tangent \u00e0 une surface donn\u00e9e avec un \u00e9quation cart\u00e9sienne<\/strong><\/p>\n<\/div><figure class=\"wp-block-media-text__media\"><video controls src=\"https:\/\/matimatheque.fr\/wp-content\/uploads\/2025\/03\/PlanTangentCartesien.mp4\"><\/video><\/figure><\/div>\n\n\n\n<div class=\"wp-block-media-text is-stacked-on-mobile\"><figure class=\"wp-block-media-text__media\"><video controls src=\"https:\/\/matimatheque.fr\/wp-content\/uploads\/2025\/03\/ParaboloideHyperbolique.mp4\"><\/video><\/figure><div class=\"wp-block-media-text__content\">\n<p class=\"has-text-align-center\"><strong>Parabolo\u00efde hyperbolique<\/strong><\/p>\n<\/div><\/div>\n\n\n\n<div class=\"wp-block-media-text has-media-on-the-right is-stacked-on-mobile\"><div class=\"wp-block-media-text__content\">\n<p class=\"has-text-align-center\"><strong>Parabolo\u00efde de r\u00e9volution<\/strong><\/p>\n<\/div><figure class=\"wp-block-media-text__media\"><video controls src=\"https:\/\/matimatheque.fr\/wp-content\/uploads\/2025\/03\/ParaboloideDeRevolution.mp4\"><\/video><\/figure><\/div>\n\n\n\n<div class=\"wp-block-media-text is-stacked-on-mobile\"><figure class=\"wp-block-media-text__media\"><video controls src=\"https:\/\/matimatheque.fr\/wp-content\/uploads\/2025\/03\/ConeDuSecondDegre.mp4\"><\/video><\/figure><div class=\"wp-block-media-text__content\">\n<p class=\"has-text-align-center\"><strong>C\u00f4ne du second degr\u00e9<\/strong><\/p>\n<\/div><\/div>\n\n\n\n<div class=\"wp-block-media-text has-media-on-the-right is-stacked-on-mobile\"><div class=\"wp-block-media-text__content\">\n<p class=\"has-text-align-center\"><strong>Hyperbolo\u00efde de r\u00e9volution \u00e0 une ou deux nappes<\/strong><\/p>\n<\/div><figure class=\"wp-block-media-text__media\"><video controls src=\"https:\/\/matimatheque.fr\/wp-content\/uploads\/2025\/03\/H1ouH2de-revolution.mp4\"><\/video><\/figure><\/div>\n\n\n\n<div class=\"wp-block-media-text is-stacked-on-mobile\"><figure class=\"wp-block-media-text__media\"><video controls src=\"https:\/\/matimatheque.fr\/wp-content\/uploads\/2025\/03\/SurfacesDeNiveau.mp4\"><\/video><\/figure><div class=\"wp-block-media-text__content\">\n<p class=\"has-text-align-center\"><strong>Surfaces de niveau<\/strong><\/p>\n<\/div><\/div>\n\n\n\n<h2 class=\"wp-block-heading\" id=\"CineFxsPlusVar\">#Fonctions de Plusieurs Variables<\/h2>\n\n\n\n<div class=\"wp-block-media-text is-stacked-on-mobile\"><figure class=\"wp-block-media-text__media\"><video controls src=\"https:\/\/matimatheque.fr\/wp-content\/uploads\/2025\/03\/DeriveePartielleNulle.mp4\"><\/video><\/figure><div class=\"wp-block-media-text__content\">\n<p class=\"has-text-align-center\"><strong>Quand une d\u00e9riv\u00e9e partielle est la fonction nulle<\/strong><\/p>\n<\/div><\/div>\n\n\n\n<p><\/p>\n\n\n\n<div class=\"wp-block-media-text has-media-on-the-right is-stacked-on-mobile\"><div class=\"wp-block-media-text__content\">\n<p class=\"has-text-align-center\"><strong>R\u00e9solution d&rsquo;EDP par primitivation<\/strong><\/p>\n<\/div><figure class=\"wp-block-media-text__media\"><video controls src=\"https:\/\/matimatheque.fr\/wp-content\/uploads\/2025\/03\/EDPparPrimitivation.mp4\"><\/video><\/figure><\/div>\n\n\n\n<div class=\"wp-block-media-text is-stacked-on-mobile\"><figure class=\"wp-block-media-text__media\"><video controls src=\"https:\/\/matimatheque.fr\/wp-content\/uploads\/2025\/03\/EDP1_Simples.mp4\"><\/video><\/figure><div class=\"wp-block-media-text__content\">\n<p class=\"has-text-align-center\"><strong>EDP du premier ordre simples<\/strong><\/p>\n<\/div><\/div>\n\n\n\n<div class=\"wp-block-media-text has-media-on-the-right is-stacked-on-mobile\"><div class=\"wp-block-media-text__content\">\n<p class=\"has-text-align-center\"><strong>Syst\u00e8me d&rsquo;EDP du premier ordre 1<\/strong><\/p>\n<\/div><figure class=\"wp-block-media-text__media\"><video controls src=\"https:\/\/matimatheque.fr\/wp-content\/uploads\/2025\/03\/EDP_Systeme1.mp4\"><\/video><\/figure><\/div>\n\n\n\n<div class=\"wp-block-media-text is-stacked-on-mobile\"><figure class=\"wp-block-media-text__media\"><video controls src=\"https:\/\/matimatheque.fr\/wp-content\/uploads\/2025\/03\/EDP_Systeme2.mp4\"><\/video><\/figure><div class=\"wp-block-media-text__content\">\n<p class=\"has-text-align-center\"><strong>Syst\u00e8me d&rsquo;EDP du premier ordre 2<\/strong><\/p>\n<\/div><\/div>\n\n\n\n<div class=\"wp-block-media-text has-media-on-the-right is-stacked-on-mobile\"><div class=\"wp-block-media-text__content\">\n<p class=\"has-text-align-center\"><strong>Syst\u00e8me d&rsquo;EDP du premier ordre 3<\/strong><\/p>\n<\/div><figure class=\"wp-block-media-text__media\"><video controls src=\"https:\/\/matimatheque.fr\/wp-content\/uploads\/2025\/03\/EDP_Systeme3.mp4\"><\/video><\/figure><\/div>\n","protected":false},"excerpt":{"rendered":"<p>#Isom\u00e9tries Vectorielles Propri\u00e9t\u00e9s principales des isom\u00e9tries vectorielles #G\u00e9om\u00e9trie Plane Comment passer d&rsquo;une repr\u00e9sentation param\u00e9trique \u00e0 une \u00e9quation cart\u00e9sienne et r\u00e9ciproquement Tangente \u00e0 une courbe plane donn\u00e9e par \u00e9quations param\u00e9triques Tangente \u00e0 une courbe plane donn\u00e9e par \u00e9quation cart\u00e9sienne D\u00e9finition g\u00e9om\u00e9trique d&rsquo;une conique Pr\u00e9sentation des coniques Propri\u00e9t\u00e9s m\u00e9triques des courbes planes (r\u00e9sum\u00e9) Coniques d\u00e9g\u00e9n\u00e9r\u00e9es #G\u00e9om\u00e9trie 3D [&hellip;]<\/p>\n","protected":false},"author":1,"featured_media":2451,"parent":0,"menu_order":0,"comment_status":"closed","ping_status":"closed","template":"","meta":{"footnotes":""},"class_list":["post-2258","page","type-page","status-publish","has-post-thumbnail","hentry"],"_links":{"self":[{"href":"https:\/\/matimatheque.fr\/index.php?rest_route=\/wp\/v2\/pages\/2258","targetHints":{"allow":["GET"]}}],"collection":[{"href":"https:\/\/matimatheque.fr\/index.php?rest_route=\/wp\/v2\/pages"}],"about":[{"href":"https:\/\/matimatheque.fr\/index.php?rest_route=\/wp\/v2\/types\/page"}],"author":[{"embeddable":true,"href":"https:\/\/matimatheque.fr\/index.php?rest_route=\/wp\/v2\/users\/1"}],"replies":[{"embeddable":true,"href":"https:\/\/matimatheque.fr\/index.php?rest_route=%2Fwp%2Fv2%2Fcomments&post=2258"}],"version-history":[{"count":50,"href":"https:\/\/matimatheque.fr\/index.php?rest_route=\/wp\/v2\/pages\/2258\/revisions"}],"predecessor-version":[{"id":2527,"href":"https:\/\/matimatheque.fr\/index.php?rest_route=\/wp\/v2\/pages\/2258\/revisions\/2527"}],"wp:featuredmedia":[{"embeddable":true,"href":"https:\/\/matimatheque.fr\/index.php?rest_route=\/wp\/v2\/media\/2451"}],"wp:attachment":[{"href":"https:\/\/matimatheque.fr\/index.php?rest_route=%2Fwp%2Fv2%2Fmedia&parent=2258"}],"curies":[{"name":"wp","href":"https:\/\/api.w.org\/{rel}","templated":true}]}}