{"id":2,"date":"2021-05-26T20:28:37","date_gmt":"2021-05-26T18:28:37","guid":{"rendered":"http:\/\/matimatheque.fr\/?page_id=2"},"modified":"2026-01-29T08:28:40","modified_gmt":"2026-01-29T07:28:40","slug":"page-d-exemple","status":"publish","type":"page","link":"https:\/\/matimatheque.fr\/","title":{"rendered":"MATIMATHEQUE"},"content":{"rendered":"\n<h2 class=\"wp-block-heading\">documents<\/h2>\n\n\n\n<ul class=\"wp-block-list\">\n<li><a href=\"https:\/\/matimatheque.fr\/?page_id=1076\">cours<\/a><\/li>\n<\/ul>\n\n\n\n<p><\/p>\n\n\n\n<ul class=\"wp-block-list\">\n<li><a href=\"https:\/\/matimatheque.fr\/?page_id=1597\">exercices<\/a><\/li>\n<\/ul>\n\n\n\n<p><\/p>\n\n\n\n<ul class=\"wp-block-list\">\n<li><a href=\"https:\/\/matimatheque.fr\/?page_id=1603\">m\u00e9thodes<\/a><\/li>\n<\/ul>\n\n\n\n<ul class=\"wp-block-list\">\n<li><a href=\"https:\/\/matimatheque.fr\/?page_id=2258\" data-type=\"page\" data-id=\"2258\">cin\u00e9matimath\u00e8que<\/a><\/li>\n<\/ul>\n\n\n\n<ul class=\"wp-block-list\">\n<li><a href=\"https:\/\/matimatheque.fr\/?page_id=2690\" data-type=\"page\" data-id=\"2690\">mankimath\u00e8que<\/a><\/li>\n<\/ul>\n\n\n\n<ul class=\"wp-block-list\">\n<li><a href=\"https:\/\/matimatheque.fr\/?page_id=2492\" data-type=\"page\" data-id=\"2492\">diaporamatimath\u00e8que<\/a><\/li>\n<\/ul>\n\n\n\n<ul class=\"wp-block-list\">\n<li><a href=\"https:\/\/matimatheque.fr\/?page_id=1211\">programme de colles<\/a><\/li>\n<\/ul>\n\n\n\n<ul class=\"wp-block-list\">\n<li><a href=\"https:\/\/matimatheque.fr\/?page_id=1726\" data-type=\"link\" data-id=\"https:\/\/matimatheque.fr\/?page_id=1726\">devoirs \u00e9crits<\/a><\/li>\n<\/ul>\n\n\n\n<p><\/p>\n\n\n\n<ul class=\"wp-block-list\">\n<li><a href=\"https:\/\/matimatheque.fr\/?page_id=2042\" data-type=\"URL\" data-id=\"https:\/\/matimatheque.fr\/wp-content\/uploads\/2023\/05\/prepmat2023.pdf\" target=\"_blank\" rel=\"noreferrer noopener\">pr\u00e9paration aux oraux<\/a><\/li>\n<\/ul>\n\n\n\n<ul class=\"wp-block-list\">\n<li><a href=\"https:\/\/matimatheque.fr\/?page_id=1264\" data-type=\"URL\" data-id=\"https:\/\/matimatheque.fr\/?page_id=1264\">vid\u00e9os<\/a><\/li>\n<\/ul>\n\n\n\n<ul class=\"wp-block-list\">\n<li><em><a href=\"https:\/\/docs.google.com\/presentation\/d\/1D8Wb_uZaa_tFSjpZUx4QQ49WiFeQJ7nR7Oy0K6H858A\/edit?usp=sharing\" data-type=\"link\" data-id=\"https:\/\/docs.google.com\/presentation\/d\/1D8Wb_uZaa_tFSjpZUx4QQ49WiFeQJ7nR7Oy0K6H858A\/edit?usp=sharing\">Erratum<\/a><\/em><\/li>\n<\/ul>\n\n\n\n<h2 class=\"wp-block-heading\">r\u00e9visions<\/h2>\n\n\n\n<ul class=\"wp-block-list\">\n<li><a href=\"https:\/\/matimatheque.fr\/?page_id=1151\" data-type=\"URL\" data-id=\"https:\/\/matimatheque.fr\/?page_id=1151\">cahiers de calculs de sup<\/a><\/li>\n<\/ul>\n\n\n\n<ul class=\"wp-block-list\">\n<li>probl\u00e8mes de r\u00e9visions(cf.  devoirs \u00e9crits)<\/li>\n<\/ul>\n\n\n\n<ul class=\"wp-block-list\">\n<li><a href=\"https:\/\/matimatheque.fr\/?page_id=1758\" data-type=\"URL\" data-id=\"https:\/\/cristofari.pagesperso-orange.fr\/ecrits.html\">probl\u00e8mes corrig\u00e9s de la banque PT <\/a><\/li>\n<\/ul>\n\n\n\n<p><\/p>\n\n\n\n<h2 class=\"wp-block-heading\">games(en travaux)<\/h2>\n\n\n\n<p><\/p>\n\n\n\n<div class=\"wp-block-buttons alignwide is-content-justification-center is-layout-flex wp-container-core-buttons-is-layout-16018d1d wp-block-buttons-is-layout-flex\">\n<div class=\"wp-block-button\"><a class=\"wp-block-button__link wp-element-button\">Analyse 1A<\/a><\/div>\n\n\n\n<div class=\"wp-block-button\"><a class=\"wp-block-button__link wp-element-button\">ANALYSE 2A<\/a><\/div>\n\n\n\n<div class=\"wp-block-button\"><a class=\"wp-block-button__link wp-element-button\" href=\"https:\/\/matimatheque.fr\/?page_id=2287\">ALGEBRE 1A<\/a><\/div>\n\n\n\n<div class=\"wp-block-button\"><a class=\"wp-block-button__link wp-element-button\">ALGEBRE 2A<\/a><\/div>\n\n\n\n<div class=\"wp-block-button\"><a class=\"wp-block-button__link wp-element-button\">GEOMETRIE 1A <\/a><\/div>\n\n\n\n<div class=\"wp-block-button\"><a class=\"wp-block-button__link wp-element-button\">GEOMETRIE 2A<\/a><\/div>\n\n\n\n<div class=\"wp-block-button\"><a class=\"wp-block-button__link wp-element-button\">PROBA 1A<\/a><\/div>\n\n\n\n<div class=\"wp-block-button\"><a class=\"wp-block-button__link wp-element-button\">PROBA 2A<\/a><\/div>\n\n\n<\/div>\n\n\n\n<h2 class=\"wp-block-heading\">classe invers\u00e9e<\/h2>\n\n\n\n<ul class=\"wp-block-list\">\n<li><a href=\"https:\/\/matimatheque.fr\/?page_id=1131\">archives de la promo 21\/22<\/a><\/li>\n<\/ul>\n\n\n\n<p><\/p>\n\n\n\n<p><\/p>\n\n\n\n<p><\/p>\n\n\n\n<p><\/p>\n\n\n\n<div style=\"height:100px\" aria-hidden=\"true\" class=\"wp-block-spacer\"><\/div>\n","protected":false},"excerpt":{"rendered":"<p>documents r\u00e9visions games(en travaux) classe invers\u00e9e<\/p>\n","protected":false},"author":1,"featured_media":0,"parent":0,"menu_order":0,"comment_status":"closed","ping_status":"open","template":"templates\/template-full-width.php","meta":{"footnotes":""},"class_list":["post-2","page","type-page","status-publish","hentry"],"_links":{"self":[{"href":"https:\/\/matimatheque.fr\/index.php?rest_route=\/wp\/v2\/pages\/2","targetHints":{"allow":["GET"]}}],"collection":[{"href":"https:\/\/matimatheque.fr\/index.php?rest_route=\/wp\/v2\/pages"}],"about":[{"href":"https:\/\/matimatheque.fr\/index.php?rest_route=\/wp\/v2\/types\/page"}],"author":[{"embeddable":true,"href":"https:\/\/matimatheque.fr\/index.php?rest_route=\/wp\/v2\/users\/1"}],"replies":[{"embeddable":true,"href":"https:\/\/matimatheque.fr\/index.php?rest_route=%2Fwp%2Fv2%2Fcomments&post=2"}],"version-history":[{"count":86,"href":"https:\/\/matimatheque.fr\/index.php?rest_route=\/wp\/v2\/pages\/2\/revisions"}],"predecessor-version":[{"id":2941,"href":"https:\/\/matimatheque.fr\/index.php?rest_route=\/wp\/v2\/pages\/2\/revisions\/2941"}],"wp:attachment":[{"href":"https:\/\/matimatheque.fr\/index.php?rest_route=%2Fwp%2Fv2%2Fmedia&parent=2"}],"curies":[{"name":"wp","href":"https:\/\/api.w.org\/{rel}","templated":true}]}}