{"id":191,"date":"2021-05-31T12:19:58","date_gmt":"2021-05-31T10:19:58","guid":{"rendered":"http:\/\/matimatheque.fr\/?page_id=191"},"modified":"2023-08-21T17:14:54","modified_gmt":"2023-08-21T15:14:54","slug":"notes-de-cours-2a","status":"publish","type":"page","link":"https:\/\/matimatheque.fr\/?page_id=191","title":{"rendered":"Analyse"},"content":{"rendered":"\n<h2 class=\"wp-block-heading\">Techniques de calculs 1A<\/h2>\n\n\n<div id=\"tablepress-3-scroll-wrapper\" class=\"tablepress-scroll-wrapper\">\n\n<table id=\"tablepress-3\" class=\"tablepress tablepress-id-3 tablepress-responsive\">\n<thead>\n<tr class=\"row-1\">\n\t<td class=\"column-1\"><\/td><td class=\"column-2\"><\/td><td class=\"column-3\"><\/td>\n<\/tr>\n<\/thead>\n<tbody class=\"row-striping row-hover\">\n<tr class=\"row-2\">\n\t<td class=\"column-1\">sommes finies<\/td><td class=\"column-2\"><a href=\"http:\/\/matimatheque.fr\/wp-content\/uploads\/2021\/06\/mati1A_sommesfinies.pdf\" rel=\"noopener\" target=\"_blank\">exos<\/a><\/td><td class=\"column-3\"><\/td>\n<\/tr>\n<tr class=\"row-3\">\n\t<td class=\"column-1\">trigonom\u00e9trie<\/td><td class=\"column-2\"><a href=\"http:\/\/matimatheque.fr\/wp-content\/uploads\/2021\/06\/mati1A_trigo.pdf\">exos<\/a><\/td><td class=\"column-3\"><\/td>\n<\/tr>\n<tr class=\"row-4\">\n\t<td class=\"column-1\">\u00e9quivalents, DLs<\/td><td class=\"column-2\"><a href=\"http:\/\/matimatheque.fr\/wp-content\/uploads\/2021\/06\/mati1A_dlequiv.pdf\" rel=\"noopener\" target=\"_blank\">exos<\/a><\/td><td class=\"column-3\"><a href=\"https:\/\/youtu.be\/qtGgRrMKWsg\">video<\/a><\/td>\n<\/tr>\n<\/tbody>\n<\/table>\n\n<\/div><!-- #tablepress-3 from cache -->\n\n\n\n<h2 class=\"wp-block-heading\">Suites num\u00e9riques 1A<\/h2>\n\n\n<div id=\"tablepress-16-scroll-wrapper\" class=\"tablepress-scroll-wrapper\">\n\n<table id=\"tablepress-16\" class=\"tablepress tablepress-id-16 tablepress-responsive\">\n<thead>\n<tr class=\"row-1\">\n\t<td class=\"column-1\"><\/td><td class=\"column-2\"><\/td><td class=\"column-3\"><\/td>\n<\/tr>\n<\/thead>\n<tbody class=\"row-striping row-hover\">\n<tr class=\"row-2\">\n\t<td class=\"column-1\"><a href=\"https:\/\/matimatheque.fr\/wp-content\/uploads\/2021\/06\/Revision_suitenu2021.pdf\" rel=\"noopener\" target=\"_blank\">polycop<\/a><\/td><td class=\"column-2\"><\/td><td class=\"column-3\"><\/td>\n<\/tr>\n<tr class=\"row-3\">\n\t<td class=\"column-1\"><\/td><td class=\"column-2\"><\/td><td class=\"column-3\"><\/td>\n<\/tr>\n<\/tbody>\n<\/table>\n\n<\/div><!-- #tablepress-16 from cache -->\n\n\n\n<h2 class=\"wp-block-heading\">S\u00e9ries num\u00e9riques 1A2A<\/h2>\n\n\n<div id=\"tablepress-4-scroll-wrapper\" class=\"tablepress-scroll-wrapper\">\n\n<table id=\"tablepress-4\" class=\"tablepress tablepress-id-4 tablepress-responsive\">\n<thead>\n<tr class=\"row-1\">\n\t<th class=\"column-1\">feuille exos <\/th><th class=\"column-2\"><a href=\"https:\/\/matimatheque.fr\/wp-content\/uploads\/2021\/09\/exo_imprim.pdf\" rel=\"noopener\" target=\"_blank\">SN<\/a><\/th><td class=\"column-3\"><\/td>\n<\/tr>\n<\/thead>\n<tbody class=\"row-striping row-hover\">\n<tr class=\"row-2\">\n\t<td class=\"column-1\"><a href=\"https:\/\/matimatheque.fr\/wp-content\/uploads\/2021\/06\/serienum21.pdf\">polycop<\/a><\/td><td class=\"column-2\"><a href=\"https:\/\/youtu.be\/C8yxWhlTa0Y\" rel=\"noopener\" target=\"_blank\">V003<\/a><\/td><td class=\"column-3\"><em>d\u00e9finitions, proc\u00e9d\u00e9 t\u00e9lescopique<\/em><\/td>\n<\/tr>\n<tr class=\"row-3\">\n\t<td class=\"column-1\"><\/td><td class=\"column-2\"><a href=\"https:\/\/youtu.be\/oIKMj8d_o3U\" rel=\"noopener\" target=\"_blank\">V004<\/a><\/td><td class=\"column-3\"><em>s\u00e9ries de r\u00e9f\u00e9rence, GDV<\/em><\/td>\n<\/tr>\n<tr class=\"row-4\">\n\t<td class=\"column-1\"><\/td><td class=\"column-2\"><a href=\"https:\/\/youtu.be\/A-N0zDpjIXU\" rel=\"noopener\" target=\"_blank\">V008<\/a><\/td><td class=\"column-3\"><em>th\u00e9or\u00e8mes de comparaison, exemples<\/em><\/td>\n<\/tr>\n<tr class=\"row-5\">\n\t<td class=\"column-1\"><\/td><td class=\"column-2\"><a href=\"https:\/\/youtu.be\/8rIF06yJ5s4\" rel=\"noopener\" target=\"_blank\">V009<\/a><\/td><td class=\"column-3\"><em>somme de 2 s\u00e9ries<\/em><\/td>\n<\/tr>\n<tr class=\"row-6\">\n\t<td class=\"column-1\"><\/td><td class=\"column-2\"><a href=\"https:\/\/youtu.be\/GXslw8_VkTk\" rel=\"noopener\" target=\"_blank\">V023<\/a><\/td><td class=\"column-3\"><em>nature ne change pas lorsque....<\/em><\/td>\n<\/tr>\n<tr class=\"row-7\">\n\t<td class=\"column-1\"><\/td><td class=\"column-2\"><a href=\"https:\/\/youtu.be\/zARPOHQ064k\" rel=\"noopener\" target=\"_blank\">V024<\/a><\/td><td class=\"column-3\"><em>d\u00e9monstration th\u00e9or\u00e8me de comparaison<\/em><\/td>\n<\/tr>\n<tr class=\"row-8\">\n\t<td class=\"column-1\"><\/td><td class=\"column-2\"><a href=\"https:\/\/youtu.be\/7v1_wImiHPg\" rel=\"noopener\" target=\"_blank\">V025<\/a><\/td><td class=\"column-3\"><em>d\u00e9monstration r\u00e8gle de D'Alembert<\/em><\/td>\n<\/tr>\n<tr class=\"row-9\">\n\t<td class=\"column-1\"><\/td><td class=\"column-2\"><a href=\"https:\/\/youtu.be\/3r2n9FRldqA\" rel=\"noopener\" target=\"_blank\">V026<\/a><\/td><td class=\"column-3\"><em>comparaison avec une int\u00e9grale<\/em><\/td>\n<\/tr>\n<tr class=\"row-10\">\n\t<td class=\"column-1\"><\/td><td class=\"column-2\"><a href=\"https:\/\/youtu.be\/gq0p0m9li3Q\" rel=\"noopener\" target=\"_blank\">V027<\/a><\/td><td class=\"column-3\"><em>produit de Cauchy<\/em><\/td>\n<\/tr>\n<tr class=\"row-11\">\n\t<td class=\"column-1\"><\/td><td class=\"column-2\"><a href=\"https:\/\/youtu.be\/FSh0BmEF-Zg\" rel=\"noopener\" target=\"_blank\">V028<\/a><\/td><td class=\"column-3\"><em>d\u00e9monstration ACV=>CV<\/em><\/td>\n<\/tr>\n<tr class=\"row-12\">\n\t<td class=\"column-1\"><\/td><td class=\"column-2\"><a href=\"https:\/\/youtu.be\/yxyw6IhNxlQ\" rel=\"noopener\" target=\"_blank\">V029<\/a><\/td><td class=\"column-3\"><em>reste d'une s\u00e9rie<\/em><\/td>\n<\/tr>\n<tr class=\"row-13\">\n\t<td class=\"column-1\">nature s\u00e9rie num\u00e9rique<\/td><td class=\"column-2\"><a href=\"http:\/\/matimatheque.fr\/wp-content\/uploads\/2021\/06\/mati2A_natureserienum.pdf\">exos<\/a><\/td><td class=\"column-3\"><\/td>\n<\/tr>\n<tr class=\"row-14\">\n\t<td class=\"column-1\">somme s\u00e9rie num\u00e9rique<\/td><td class=\"column-2\"><a href=\"http:\/\/matimatheque.fr\/wp-content\/uploads\/2021\/06\/mati1A_sommesseriesnum.pdf\">exos<\/a><\/td><td class=\"column-3\"><\/td>\n<\/tr>\n<\/tbody>\n<\/table>\n\n<\/div><!-- #tablepress-4 from cache -->\n\n\n\n<h2 class=\"wp-block-heading\">S\u00e9ries enti\u00e8res 2A<\/h2>\n\n\n<div id=\"tablepress-23-scroll-wrapper\" class=\"tablepress-scroll-wrapper\">\n\n<table id=\"tablepress-23\" class=\"tablepress tablepress-id-23 tablepress-responsive\">\n<thead>\n<tr class=\"row-1\">\n\t<th class=\"column-1\"><a href=\"https:\/\/matimatheque.fr\/wp-content\/uploads\/2021\/12\/serient21.pdf\">polycop<\/a><\/th><th class=\"column-2\"><a href=\"https:\/\/youtu.be\/Mlttnlkp1c0\" rel=\"noopener\" target=\"_blank\">V098<\/a><\/th><th class=\"column-3\"><em>g\u00e9n\u00e9rique<\/em><\/th>\n<\/tr>\n<\/thead>\n<tbody class=\"row-striping row-hover\">\n<tr class=\"row-2\">\n\t<td class=\"column-1\"><\/td><td class=\"column-2\"><\/td><td class=\"column-3\"><\/td>\n<\/tr>\n<tr class=\"row-3\">\n\t<td class=\"column-1\"><\/td><td class=\"column-2\"><a href=\"https:\/\/youtu.be\/0aB1OL9TlS0\" rel=\"noopener\" target=\"_blank\">V092<\/a><\/td><td class=\"column-3\"><em>D\u00e9finitions, rayons<\/em><\/td>\n<\/tr>\n<tr class=\"row-4\">\n\t<td class=\"column-1\"><\/td><td class=\"column-2\"><a href=\"https:\/\/youtu.be\/xxlTb16eJlA\" rel=\"noopener\" target=\"_blank\">V093<\/a><\/td><td class=\"column-3\"><em>Quelques r\u00e9sultats sur le rayon<\/em><\/td>\n<\/tr>\n<tr class=\"row-5\">\n\t<td class=\"column-1\"><\/td><td class=\"column-2\"><a href=\"https:\/\/youtu.be\/F-D2G8LYotI\" rel=\"noopener\" target=\"_blank\">V094<\/a><\/td><td class=\"column-3\"><em>Fonction somme <\/em><\/td>\n<\/tr>\n<tr class=\"row-6\">\n\t<td class=\"column-1\"><\/td><td class=\"column-2\"><a href=\"https:\/\/youtu.be\/RcXHBOmOmVo\" rel=\"noopener\" target=\"_blank\">V095<\/a><\/td><td class=\"column-3\"><em> Propri\u00e9t\u00e9s de la fonction somme<\/em><\/td>\n<\/tr>\n<tr class=\"row-7\">\n\t<td class=\"column-1\"><\/td><td class=\"column-2\"><a href=\"https:\/\/youtu.be\/GtYJBlnKemA\" rel=\"noopener\" target=\"_blank\">V096<\/a><\/td><td class=\"column-3\"><em>D\u00e9veloppement en s\u00e9rie enti\u00e8re<\/em><\/td>\n<\/tr>\n<tr class=\"row-8\">\n\t<td class=\"column-1\"><\/td><td class=\"column-2\"><a href=\"https:\/\/youtu.be\/tXY465y9CJ0\" rel=\"noopener\" target=\"_blank\">V097<\/a><\/td><td class=\"column-3\"><em>Produit de Cauchy<\/em><\/td>\n<\/tr>\n<tr class=\"row-9\">\n\t<td class=\"column-1\">rayon s\u00e9rie enti\u00e8re<\/td><td class=\"column-2\"><a href=\"http:\/\/matimatheque.fr\/wp-content\/uploads\/2021\/06\/mati2A_rayonserieentiere.pdf\">exos<\/a><\/td><td class=\"column-3\"><\/td>\n<\/tr>\n<tr class=\"row-10\">\n\t<td class=\"column-1\">somme s\u00e9rie enti\u00e8re<\/td><td class=\"column-2\"><a href=\"http:\/\/matimatheque.fr\/wp-content\/uploads\/2021\/06\/mati2A_sommeserieentiere.pdf\">exos<\/a><\/td><td class=\"column-3\"><\/td>\n<\/tr>\n<tr class=\"row-11\">\n\t<td class=\"column-1\">d\u00e9veloppement en s\u00e9rie enti\u00e8re<\/td><td class=\"column-2\"><a href=\"http:\/\/matimatheque.fr\/wp-content\/uploads\/2021\/06\/mati2A_dse.pdf\">exos<\/a><\/td><td class=\"column-3\"><\/td>\n<\/tr>\n<tr class=\"row-12\">\n\t<td class=\"column-1\">s\u00e9ries enti\u00e8res et \u00e9quadiffs<\/td><td class=\"column-2\"><a href=\"http:\/\/matimatheque.fr\/wp-content\/uploads\/2021\/06\/mati2A_serieentiereequadiff.pdf\">exos<\/a><\/td><td class=\"column-3\"><\/td>\n<\/tr>\n<\/tbody>\n<\/table>\n\n<\/div><!-- #tablepress-23 from cache -->\n\n\n\n<h2 class=\"wp-block-heading\">Int\u00e9grales 1A<\/h2>\n\n\n<div id=\"tablepress-13-scroll-wrapper\" class=\"tablepress-scroll-wrapper\">\n\n<table id=\"tablepress-13\" class=\"tablepress tablepress-id-13 tablepress-responsive\">\n<thead>\n<tr class=\"row-1\">\n\t<td class=\"column-1\"><\/td><td class=\"column-2\"><\/td><td class=\"column-3\"><\/td>\n<\/tr>\n<\/thead>\n<tbody class=\"row-striping row-hover\">\n<tr class=\"row-2\">\n\t<td class=\"column-1\"><a href=\"https:\/\/matimatheque.fr\/wp-content\/uploads\/2021\/08\/integration2021_1.pdf\" rel=\"noopener\" target=\"_blank\">polycop<\/a><\/td><td class=\"column-2\"><\/td><td class=\"column-3\"><\/td>\n<\/tr>\n<tr class=\"row-3\">\n\t<td class=\"column-1\">sommes de Riemann<\/td><td class=\"column-2\"><a href=\"http:\/\/matimatheque.fr\/wp-content\/uploads\/2021\/06\/mati1A_sommesdeRiemann.pdf\" rel=\"noopener\" target=\"_blank\">exos<\/a><\/td><td class=\"column-3\"><\/td>\n<\/tr>\n<tr class=\"row-4\">\n\t<td class=\"column-1\">primitives<\/td><td class=\"column-2\"><a href=\"http:\/\/matimatheque.fr\/wp-content\/uploads\/2021\/06\/mati1A_primitives.pdf\" rel=\"noopener\" target=\"_blank\">exos<\/a><\/td><td class=\"column-3\"><\/td>\n<\/tr>\n<tr class=\"row-5\">\n\t<td class=\"column-1\"><\/td><td class=\"column-2\"><\/td><td class=\"column-3\"><\/td>\n<\/tr>\n<\/tbody>\n<\/table>\n\n<\/div><!-- #tablepress-13 from cache -->\n\n\n\n<h2 class=\"wp-block-heading\">Int\u00e9grales 2A<\/h2>\n\n\n<div id=\"tablepress-14-scroll-wrapper\" class=\"tablepress-scroll-wrapper\">\n\n<table id=\"tablepress-14\" class=\"tablepress tablepress-id-14 tablepress-responsive\">\n<thead>\n<tr class=\"row-1\">\n\t<th class=\"column-1\"><a href=\"https:\/\/matimatheque.fr\/wp-content\/uploads\/2022\/02\/integration2021_2.pdf\" rel=\"noopener\" target=\"_blank\">poly int. g\u00e9n\u00e9<\/a><\/th><td class=\"column-2\"><\/td><td class=\"column-3\"><\/td><td class=\"column-4\"><\/td>\n<\/tr>\n<\/thead>\n<tbody class=\"row-striping row-hover\">\n<tr class=\"row-2\">\n\t<td class=\"column-1\"><\/td><td class=\"column-2\"><a href=\"https:\/\/youtu.be\/16VuYLMooNQ\" rel=\"noopener\" target=\"_blank\">V072<\/a><\/td><td class=\"column-3\"><em>d\u00e9fintion, exemples<\/em><\/td><td class=\"column-4\"><\/td>\n<\/tr>\n<tr class=\"row-3\">\n\t<td class=\"column-1\"><\/td><td class=\"column-2\"><a href=\"https:\/\/youtu.be\/8Pq8uOD_ayM\" rel=\"noopener\" target=\"_blank\">V073<\/a><\/td><td class=\"column-3\"><em>int\u00e9grale faussement g\u00e9n\u00e9ralis\u00e9e<\/em><\/td><td class=\"column-4\"><\/td>\n<\/tr>\n<tr class=\"row-4\">\n\t<td class=\"column-1\"><\/td><td class=\"column-2\"><a href=\"https:\/\/youtu.be\/dowFORq6u9g\">V074<\/a><\/td><td class=\"column-3\"><em>des remarques bien utiles<\/em><\/td><td class=\"column-4\"><\/td>\n<\/tr>\n<tr class=\"row-5\">\n\t<td class=\"column-1\"><\/td><td class=\"column-2\"><a href=\"https:\/\/youtu.be\/ti3LMKT6aOc\" rel=\"noopener\" target=\"_blank\">V075<br \/>\n<\/a><\/td><td class=\"column-3\"><em>int\u00e9grales de r\u00e9f\u00e9rence<\/em><\/td><td class=\"column-4\"><\/td>\n<\/tr>\n<tr class=\"row-6\">\n\t<td class=\"column-1\"><\/td><td class=\"column-2\"><a href=\"https:\/\/youtu.be\/PqVsIDnTC38\" rel=\"noopener\" target=\"_blank\">V076<\/a><\/td><td class=\"column-3\"><em>des th\u00e9or\u00e8mes d\u00e9j\u00e0 rencontr\u00e9s<\/em><\/td><td class=\"column-4\"><\/td>\n<\/tr>\n<tr class=\"row-7\">\n\t<td class=\"column-1\"><\/td><td class=\"column-2\"><a href=\"https:\/\/youtu.be\/FEDx3gkh-1g\" rel=\"noopener\" target=\"_blank\">V077<\/a><\/td><td class=\"column-3\"><em> d\u00e9mos des 2 th\u00e9or\u00e8mes<\/em><\/td><td class=\"column-4\"><\/td>\n<\/tr>\n<tr class=\"row-8\">\n\t<td class=\"column-1\"><\/td><td class=\"column-2\"><\/td><td class=\"column-3\"><\/td><td class=\"column-4\"><\/td>\n<\/tr>\n<tr class=\"row-9\">\n\t<td class=\"column-1\"><a href=\"https:\/\/matimatheque.fr\/wp-content\/uploads\/2022\/02\/intparam21.pdf\" rel=\"noopener\" target=\"_blank\">poly int. param.<\/a><\/td><td class=\"column-2\"><\/td><td class=\"column-3\"><\/td><td class=\"column-4\"><\/td>\n<\/tr>\n<tr class=\"row-10\">\n\t<td class=\"column-1\"><\/td><td class=\"column-2\"><\/td><td class=\"column-3\"><\/td><td class=\"column-4\"><\/td>\n<\/tr>\n<tr class=\"row-11\">\n\t<td class=\"column-1\">int\u00e9grales g\u00e9n\u00e9ralis\u00e9es<\/td><td class=\"column-2\"><a href=\"https:\/\/matimatheque.fr\/wp-content\/uploads\/2022\/03\/mati2A_intgene.pdf\" rel=\"noopener\" target=\"_blank\">exos<\/a><\/td><td class=\"column-3\"><\/td><td class=\"column-4\"><\/td>\n<\/tr>\n<\/tbody>\n<\/table>\n\n<\/div><!-- #tablepress-14 from cache -->\n\n\n\n<h2 class=\"wp-block-heading\">Fonctions de plusieurs variables<\/h2>\n\n\n<div id=\"tablepress-21-scroll-wrapper\" class=\"tablepress-scroll-wrapper\">\n\n<table id=\"tablepress-21\" class=\"tablepress tablepress-id-21 tablepress-responsive\">\n<thead>\n<tr class=\"row-1\">\n\t<th class=\"column-1\"><a href=\"https:\/\/matimatheque.fr\/wp-content\/uploads\/2022\/01\/pluvar21.pdf\">polycop 1<\/a><\/th><td class=\"column-2\"><\/td><td class=\"column-3\"><\/td>\n<\/tr>\n<\/thead>\n<tbody class=\"row-striping row-hover\">\n<tr class=\"row-2\">\n\t<td class=\"column-1\"><\/td><td class=\"column-2\"><a href=\"https:\/\/youtu.be\/Prp69ZEnRc8\" rel=\"noopener\" target=\"_blank\">V085<\/a><\/td><td class=\"column-3\"><em>topologie de R^p<\/em><\/td>\n<\/tr>\n<tr class=\"row-3\">\n\t<td class=\"column-1\"><\/td><td class=\"column-2\"><a href=\"https:\/\/youtu.be\/4bT898GI-lA\" rel=\"noopener\" target=\"_blank\">V086<\/a><\/td><td class=\"column-3\"><em>limite en un point adh\u00e9rent<\/em><\/td>\n<\/tr>\n<tr class=\"row-4\">\n\t<td class=\"column-1\"><\/td><td class=\"column-2\"><a href=\"https:\/\/youtu.be\/UUTVmpr7QB8\" rel=\"noopener\" target=\"_blank\">V087<\/a><\/td><td class=\"column-3\"><em>continuit\u00e9<\/em><\/td>\n<\/tr>\n<tr class=\"row-5\">\n\t<td class=\"column-1\"><\/td><td class=\"column-2\"><a href=\"https:\/\/youtu.be\/tOYXvwdunGQ\" rel=\"noopener\" target=\"_blank\">V088<\/a><\/td><td class=\"column-3\"><em>d\u00e9riv\u00e9es partielles premi\u00e8res<\/em><\/td>\n<\/tr>\n<tr class=\"row-6\">\n\t<td class=\"column-1\"><\/td><td class=\"column-2\"><a href=\"https:\/\/youtu.be\/NGkP6QlSdSs\" rel=\"noopener\" target=\"_blank\">V089<\/a><\/td><td class=\"column-3\"><em>d\u00e9riv\u00e9e d'une fonction compos\u00e9e<\/em><\/td>\n<\/tr>\n<tr class=\"row-7\">\n\t<td class=\"column-1\"><\/td><td class=\"column-2\"><a href=\"https:\/\/youtu.be\/yf4bKmgEIsI\" rel=\"noopener\" target=\"_blank\">V090<\/a><br \/>\n<br \/>\n<\/td><td class=\"column-3\"><em>d\u00e9riv\u00e9es d'ordre sup\u00e9rieur<\/em><\/td>\n<\/tr>\n<tr class=\"row-8\">\n\t<td class=\"column-1\"><a href=\"https:\/\/matimatheque.fr\/wp-content\/uploads\/2022\/03\/pluvar21extr.pdf\" rel=\"noopener\" target=\"_blank\">polycop 2<\/a><\/td><td class=\"column-2\"><a href=\"https:\/\/youtu.be\/93w5apKE53w\" rel=\"noopener\" target=\"_blank\">V091<\/a><\/td><td class=\"column-3\"><em>extremum d'une fx de plusieurs variables<\/em><\/td>\n<\/tr>\n<tr class=\"row-9\">\n\t<td class=\"column-1\">bijection<\/td><td class=\"column-2\"><a href=\"http:\/\/matimatheque.fr\/wp-content\/uploads\/2021\/06\/mati2A_bijection.pdf\" rel=\"noopener\" target=\"_blank\">exos<\/a><\/td><td class=\"column-3\"><\/td>\n<\/tr>\n<tr class=\"row-10\">\n\t<td class=\"column-1\">continuit\u00e9<\/td><td class=\"column-2\"><a href=\"http:\/\/matimatheque.fr\/wp-content\/uploads\/2021\/06\/mati2A_fxspluvarcontinuite.pdf\" rel=\"noopener\" target=\"_blank\">exos<\/a><\/td><td class=\"column-3\"><\/td>\n<\/tr>\n<tr class=\"row-11\">\n\t<td class=\"column-1\">d\u00e9riv\u00e9es partielles<\/td><td class=\"column-2\"><a href=\"http:\/\/matimatheque.fr\/wp-content\/uploads\/2021\/06\/mati2A_deriveespartielles.pdf\" rel=\"noopener\" target=\"_blank\">exos<\/a><\/td><td class=\"column-3\"><\/td>\n<\/tr>\n<tr class=\"row-12\">\n\t<td class=\"column-1\">d\u00e9riv\u00e9es partielles et changement de variables<\/td><td class=\"column-2\"><a href=\"http:\/\/matimatheque.fr\/wp-content\/uploads\/2021\/06\/mati2A_edpchgtvariable.pdf\" rel=\"noopener\" target=\"_blank\">exos<\/a><\/td><td class=\"column-3\"><\/td>\n<\/tr>\n<tr class=\"row-13\">\n\t<td class=\"column-1\">\u00e9quations aux d\u00e9riv\u00e9es partielles<\/td><td class=\"column-2\"><a href=\"http:\/\/matimatheque.fr\/wp-content\/uploads\/2021\/06\/mati2A_equaderiveespartielles.pdf\" rel=\"noopener\" target=\"_blank\">exos<\/a><\/td><td class=\"column-3\"><\/td>\n<\/tr>\n<tr class=\"row-14\">\n\t<td class=\"column-1\">extremum<\/td><td class=\"column-2\"><a href=\"http:\/\/matimatheque.fr\/wp-content\/uploads\/2021\/06\/mati2A_extremum.pdf\" rel=\"noopener\" target=\"_blank\">exos<\/a><\/td><td class=\"column-3\"><\/td>\n<\/tr>\n<\/tbody>\n<\/table>\n\n<\/div><!-- #tablepress-21 from cache -->\n\n\n\n<h2 class=\"wp-block-heading\">Equations diff\u00e9rentielles<\/h2>\n\n\n<div id=\"tablepress-22-scroll-wrapper\" class=\"tablepress-scroll-wrapper\">\n\n<table id=\"tablepress-22\" class=\"tablepress tablepress-id-22 tablepress-responsive\">\n<thead>\n<tr class=\"row-1\">\n\t<th class=\"column-1\"><a href=\"https:\/\/matimatheque.fr\/wp-content\/uploads\/2021\/11\/equadiff21.pdf\" rel=\"noopener\" target=\"_blank\">poly \u00e9quations diff\u00e9rentielles<\/a><\/th><td class=\"column-2\"><\/td>\n<\/tr>\n<\/thead>\n<tbody class=\"row-striping row-hover\">\n<tr class=\"row-2\">\n\t<td class=\"column-1\">\u00e9quations du premier ordre<\/td><td class=\"column-2\"><a href=\"http:\/\/matimatheque.fr\/wp-content\/uploads\/2021\/06\/mati1A_equadiff1ordre.pdf\">exos<\/a><\/td>\n<\/tr>\n<tr class=\"row-3\">\n\t<td class=\"column-1\">\u00e9quations du second ordre \u00e0 coefficients constants<\/td><td class=\"column-2\"><a href=\"http:\/\/matimatheque.fr\/wp-content\/uploads\/2021\/06\/mati1A_equadiff2constant.pdf\" rel=\"noopener\" target=\"_blank\">exos<\/a><\/td>\n<\/tr>\n<tr class=\"row-4\">\n\t<td class=\"column-1\"><a href=\"https:\/\/matimatheque.fr\/wp-content\/uploads\/2022\/02\/sysdiff21.pdf\" rel=\"noopener\" target=\"_blank\">poly syst\u00e8mes diff\u00e9rentiels<\/a><\/td><td class=\"column-2\"><\/td>\n<\/tr>\n<\/tbody>\n<\/table>\n\n<\/div><!-- #tablepress-22 from cache -->\n","protected":false},"excerpt":{"rendered":"<p>Techniques de calculs 1A Suites num\u00e9riques 1A S\u00e9ries num\u00e9riques 1A2A S\u00e9ries enti\u00e8res 2A Int\u00e9grales 1A Int\u00e9grales 2A Fonctions de plusieurs variables Equations diff\u00e9rentielles<\/p>\n","protected":false},"author":1,"featured_media":0,"parent":0,"menu_order":0,"comment_status":"closed","ping_status":"closed","template":"","meta":{"footnotes":""},"class_list":["post-191","page","type-page","status-publish","hentry"],"_links":{"self":[{"href":"https:\/\/matimatheque.fr\/index.php?rest_route=\/wp\/v2\/pages\/191","targetHints":{"allow":["GET"]}}],"collection":[{"href":"https:\/\/matimatheque.fr\/index.php?rest_route=\/wp\/v2\/pages"}],"about":[{"href":"https:\/\/matimatheque.fr\/index.php?rest_route=\/wp\/v2\/types\/page"}],"author":[{"embeddable":true,"href":"https:\/\/matimatheque.fr\/index.php?rest_route=\/wp\/v2\/users\/1"}],"replies":[{"embeddable":true,"href":"https:\/\/matimatheque.fr\/index.php?rest_route=%2Fwp%2Fv2%2Fcomments&post=191"}],"version-history":[{"count":15,"href":"https:\/\/matimatheque.fr\/index.php?rest_route=\/wp\/v2\/pages\/191\/revisions"}],"predecessor-version":[{"id":1698,"href":"https:\/\/matimatheque.fr\/index.php?rest_route=\/wp\/v2\/pages\/191\/revisions\/1698"}],"wp:attachment":[{"href":"https:\/\/matimatheque.fr\/index.php?rest_route=%2Fwp%2Fv2%2Fmedia&parent=191"}],"curies":[{"name":"wp","href":"https:\/\/api.w.org\/{rel}","templated":true}]}}