{"id":1758,"date":"2023-10-10T23:10:30","date_gmt":"2023-10-10T21:10:30","guid":{"rendered":"https:\/\/matimatheque.fr\/?page_id=1758"},"modified":"2024-08-18T17:08:24","modified_gmt":"2024-08-18T15:08:24","slug":"sujets-banque-pt","status":"publish","type":"page","link":"https:\/\/matimatheque.fr\/?page_id=1758","title":{"rendered":"Sujets Banque PT"},"content":{"rendered":"Vous devez \u00eatre connect\u00e9 pour voir ce contenu.","protected":false},"excerpt":{"rendered":"Vous devez \u00eatre connect\u00e9 pour voir ce contenu.","protected":false},"author":1,"featured_media":0,"parent":0,"menu_order":0,"comment_status":"closed","ping_status":"closed","template":"","meta":{"footnotes":""},"class_list":["post-1758","page","type-page","status-publish","hentry"],"_links":{"self":[{"href":"https:\/\/matimatheque.fr\/index.php?rest_route=\/wp\/v2\/pages\/1758","targetHints":{"allow":["GET"]}}],"collection":[{"href":"https:\/\/matimatheque.fr\/index.php?rest_route=\/wp\/v2\/pages"}],"about":[{"href":"https:\/\/matimatheque.fr\/index.php?rest_route=\/wp\/v2\/types\/page"}],"author":[{"embeddable":true,"href":"https:\/\/matimatheque.fr\/index.php?rest_route=\/wp\/v2\/users\/1"}],"replies":[{"embeddable":true,"href":"https:\/\/matimatheque.fr\/index.php?rest_route=%2Fwp%2Fv2%2Fcomments&post=1758"}],"version-history":[{"count":5,"href":"https:\/\/matimatheque.fr\/index.php?rest_route=\/wp\/v2\/pages\/1758\/revisions"}],"predecessor-version":[{"id":2164,"href":"https:\/\/matimatheque.fr\/index.php?rest_route=\/wp\/v2\/pages\/1758\/revisions\/2164"}],"wp:attachment":[{"href":"https:\/\/matimatheque.fr\/index.php?rest_route=%2Fwp%2Fv2%2Fmedia&parent=1758"}],"curies":[{"name":"wp","href":"https:\/\/api.w.org\/{rel}","templated":true}]}}