{"id":1597,"date":"2023-08-17T19:06:52","date_gmt":"2023-08-17T17:06:52","guid":{"rendered":"https:\/\/matimatheque.fr\/?page_id=1597"},"modified":"2025-08-17T16:33:11","modified_gmt":"2025-08-17T14:33:11","slug":"exos-23-24","status":"publish","type":"page","link":"https:\/\/matimatheque.fr\/?page_id=1597","title":{"rendered":"Exos corrig\u00e9s"},"content":{"rendered":"\n<h2 class=\"wp-block-heading\">Analyse<\/h2>\n\n\n\n<table id=\"tablepress-51\" class=\"tablepress tablepress-id-51 tablepress-responsive\">\n<tbody class=\"row-striping row-hover\">\n<tr class=\"row-1\">\n\t<td class=\"column-1\"><strong>ANA<\/strong><\/td><td class=\"column-2\"><\/td><td class=\"column-3\"><\/td>\n<\/tr>\n<tr class=\"row-2\">\n\t<td class=\"column-1\"><\/td><td class=\"column-2\"><\/td><td class=\"column-3\"><\/td>\n<\/tr>\n<tr class=\"row-3\">\n\t<td class=\"column-1\">Exercices corrig\u00e9s<\/td><td class=\"column-2\"><a href=\"https:\/\/matimatheque.fr\/wp-content\/uploads\/2022\/09\/mati1A_dlequiv.pdf\" rel=\"noopener\" target=\"_blank\">DLs, \u00e9quivalent de fonctions<\/a><\/td><td class=\"column-3\"><\/td>\n<\/tr>\n<tr class=\"row-4\">\n\t<td class=\"column-1\"><\/td><td class=\"column-2\"><a href=\"https:\/\/matimatheque.fr\/wp-content\/uploads\/2022\/09\/mati1A_equivalentsuite.pdf\">\u00e9quivalents suite<\/a><\/td><td class=\"column-3\"><\/td>\n<\/tr>\n<tr class=\"row-5\">\n\t<td class=\"column-1\"><\/td><td class=\"column-2\"><a href=\"https:\/\/matimatheque.fr\/wp-content\/uploads\/2022\/09\/mati1A_sommesdeRiemann.pdf\" rel=\"noopener\" target=\"_blank\">sommes de Riemman<\/a><\/td><td class=\"column-3\"><\/td>\n<\/tr>\n<tr class=\"row-6\">\n\t<td class=\"column-1\"><\/td><td class=\"column-2\"><a href=\"https:\/\/matimatheque.fr\/wp-content\/uploads\/2022\/08\/mati1A_primitives.pdf\">primitives 1A<\/a><\/td><td class=\"column-3\"><\/td>\n<\/tr>\n<tr class=\"row-7\">\n\t<td class=\"column-1\"><\/td><td class=\"column-2\"><a href=\"https:\/\/matimatheque.fr\/wp-content\/uploads\/2022\/08\/mati1A_integrales.pdf\" rel=\"noopener\" target=\"_blank\">int\u00e9grales 1A<\/a><\/td><td class=\"column-3\"><\/td>\n<\/tr>\n<tr class=\"row-8\">\n\t<td class=\"column-1\"><\/td><td class=\"column-2\"><a href=\"https:\/\/matimatheque.fr\/wp-content\/uploads\/2023\/02\/mati2A_intgenecalcul.pdf\" rel=\"noopener\" target=\"_blank\">Calculs d'int\u00e9grales g\u00e9n\u00e9ralis\u00e9es 2A<\/a><\/td><td class=\"column-3\"><\/td>\n<\/tr>\n<tr class=\"row-9\">\n\t<td class=\"column-1\"><\/td><td class=\"column-2\"><a href=\"https:\/\/matimatheque.fr\/wp-content\/uploads\/2022\/09\/mati1A_sommesseriesnum.pdf\" rel=\"noopener\" target=\"_blank\">somme d'une s\u00e9rie  num\u00e9rique 1A<\/a><\/td><td class=\"column-3\"><\/td>\n<\/tr>\n<tr class=\"row-10\">\n\t<td class=\"column-1\"><\/td><td class=\"column-2\"><a href=\"https:\/\/matimatheque.fr\/wp-content\/uploads\/2022\/09\/mati2A_natureserienum-1.pdf\" rel=\"noopener\" target=\"_blank\">nature d'une s\u00e9rie num\u00e9rique 2A<\/a><\/td><td class=\"column-3\"><\/td>\n<\/tr>\n<tr class=\"row-11\">\n\t<td class=\"column-1\"><\/td><td class=\"column-2\"><a href=\"https:\/\/matimatheque.fr\/wp-content\/uploads\/2022\/09\/mati1A_sommesfinies.pdf\" rel=\"noopener\" target=\"_blank\">calculs de sommes finies 1A<\/a><\/td><td class=\"column-3\"><\/td>\n<\/tr>\n<tr class=\"row-12\">\n\t<td class=\"column-1\"><\/td><td class=\"column-2\"><a href=\"https:\/\/matimatheque.fr\/wp-content\/uploads\/2022\/11\/mati1A_equadiff1ordre.pdf\" rel=\"noopener\" target=\"_blank\">equa_diff_ordre 1<\/a><\/td><td class=\"column-3\"><\/td>\n<\/tr>\n<tr class=\"row-13\">\n\t<td class=\"column-1\"><\/td><td class=\"column-2\"><a href=\"https:\/\/matimatheque.fr\/wp-content\/uploads\/2022\/11\/mati1A_equadiff2constant.pdf\" rel=\"noopener\" target=\"_blank\">equa_diff_ordre 2_coeff_cst<\/a><\/td><td class=\"column-3\"><\/td>\n<\/tr>\n<tr class=\"row-14\">\n\t<td class=\"column-1\"><\/td><td class=\"column-2\"><a href=\"https:\/\/matimatheque.fr\/wp-content\/uploads\/2022\/11\/mati2A_rayonserieentiere.pdf\" rel=\"noopener\" target=\"_blank\">calculs de rayon<\/a><\/td><td class=\"column-3\"><\/td>\n<\/tr>\n<tr class=\"row-15\">\n\t<td class=\"column-1\"><\/td><td class=\"column-2\"><a href=\"https:\/\/matimatheque.fr\/wp-content\/uploads\/2022\/11\/mati2A_serieentiereequadiff.pdf\" rel=\"noopener\" target=\"_blank\">\u00e9qua.diff. et s\u00e9ries enti\u00e8res<\/a><\/td><td class=\"column-3\"><\/td>\n<\/tr>\n<tr class=\"row-16\">\n\t<td class=\"column-1\"><\/td><td class=\"column-2\"><a href=\"https:\/\/matimatheque.fr\/wp-content\/uploads\/2022\/11\/mati2A_sommeserieentiere.pdf\" rel=\"noopener\" target=\"_blank\">sommes de s\u00e9ries enti\u00e8res<\/a><\/td><td class=\"column-3\"><\/td>\n<\/tr>\n<tr class=\"row-17\">\n\t<td class=\"column-1\"><\/td><td class=\"column-2\"><a href=\"https:\/\/matimatheque.fr\/wp-content\/uploads\/2023\/03\/mati2A_equaderiveespartielles.pdf\" rel=\"noopener\" target=\"_blank\">mati2A_Equations Aux D\u00e9riv\u00e9es Partielles<\/a><\/td><td class=\"column-3\"><\/td>\n<\/tr>\n<tr class=\"row-18\">\n\t<td class=\"column-1\"><\/td><td class=\"column-2\"><a href=\"https:\/\/matimatheque.fr\/wp-content\/uploads\/2023\/03\/mati2A_edpchgtvariable.pdf\" rel=\"noopener\" target=\"_blank\">mati2A_EDP et changt de variable<\/a><\/td><td class=\"column-3\"><\/td>\n<\/tr>\n<tr class=\"row-19\">\n\t<td class=\"column-1\"><\/td><td class=\"column-2\"><a href=\"https:\/\/matimatheque.fr\/wp-content\/uploads\/2023\/03\/mati2A_extremum.pdf\" rel=\"noopener\" target=\"_blank\">mati2A_extremum<\/a><\/td><td class=\"column-3\"><\/td>\n<\/tr>\n<\/tbody>\n<\/table>\n<!-- #tablepress-51 from cache -->\n\n\n\n<h2 class=\"wp-block-heading\">G\u00e9om\u00e9trie<\/h2>\n\n\n\n<table id=\"tablepress-43\" class=\"tablepress tablepress-id-43 tablepress-responsive\">\n<tbody class=\"row-striping row-hover\">\n<tr class=\"row-1\">\n\t<td class=\"column-1\"><strong>G\u00e9O<\/strong><\/td><td class=\"column-2\"><\/td><td class=\"column-3\"><\/td>\n<\/tr>\n<tr class=\"row-2\">\n\t<td class=\"column-1\"><\/td><td class=\"column-2\"><\/td><td class=\"column-3\"><\/td>\n<\/tr>\n<tr class=\"row-3\">\n\t<td class=\"column-1\">Exercices corrig\u00e9s<\/td><td class=\"column-2\"><a href=\"https:\/\/matimatheque.fr\/wp-content\/uploads\/2022\/09\/mati1A_droitescercles2D.pdf\" rel=\"noopener\" target=\"_blank\">droites,cercles 1A<\/a><\/td><td class=\"column-3\"><\/td>\n<\/tr>\n<tr class=\"row-4\">\n\t<td class=\"column-1\"><\/td><td class=\"column-2\"><a href=\"https:\/\/matimatheque.fr\/wp-content\/uploads\/2022\/10\/mati2A_arcparamcomplet.pdf\" rel=\"noopener\" target=\"_blank\">mati2A_ arcs complets<\/a><\/td><td class=\"column-3\"><\/td>\n<\/tr>\n<tr class=\"row-5\">\n\t<td class=\"column-1\"><\/td><td class=\"column-2\"><a href=\"https:\/\/matimatheque.fr\/wp-content\/uploads\/2023\/03\/mati2A_coniques.pdf\" rel=\"noopener\" target=\"_blank\">mati2A_coniques<\/a><\/td><td class=\"column-3\"><\/td>\n<\/tr>\n<tr class=\"row-6\">\n\t<td class=\"column-1\"><\/td><td class=\"column-2\"><a href=\"https:\/\/matimatheque.fr\/wp-content\/uploads\/2023\/04\/mati1A_droitesplansspheres.pdf\" rel=\"noopener\" target=\"_blank\">mati1A_droites_plans-spheres<\/a><\/td><td class=\"column-3\"><\/td>\n<\/tr>\n<\/tbody>\n<\/table>\n<!-- #tablepress-43 from cache -->\n\n\n\n<h2 class=\"wp-block-heading\">Alg\u00e8bre <\/h2>\n\n\n\n<table id=\"tablepress-52\" class=\"tablepress tablepress-id-52 tablepress-responsive\">\n<tbody class=\"row-striping row-hover\">\n<tr class=\"row-1\">\n\t<td class=\"column-1\"><strong>ALG<\/strong><\/td><td class=\"column-2\"><\/td><td class=\"column-3\"><\/td>\n<\/tr>\n<tr class=\"row-2\">\n\t<td class=\"column-1\"><\/td><td class=\"column-2\"><\/td><td class=\"column-3\"><\/td>\n<\/tr>\n<tr class=\"row-3\">\n\t<td class=\"column-1\">Exercices corrig\u00e9s<\/td><td class=\"column-2\"><a href=\"https:\/\/matimatheque.fr\/wp-content\/uploads\/2022\/10\/mati1A_bases.pdf\" rel=\"noopener\" target=\"_blank\">mati1A_ bases<\/a><\/td><td class=\"column-3\"><\/td>\n<\/tr>\n<tr class=\"row-4\">\n\t<td class=\"column-1\"><\/td><td class=\"column-2\"><a href=\"https:\/\/matimatheque.fr\/wp-content\/uploads\/2022\/10\/mati1A_applilin.pdf\" rel=\"noopener\" target=\"_blank\">mati1A_ application lin\u00e9aire<\/a><\/td><td class=\"column-3\"><\/td>\n<\/tr>\n<tr class=\"row-5\">\n\t<td class=\"column-1\"><\/td><td class=\"column-2\"><a href=\"https:\/\/matimatheque.fr\/wp-content\/uploads\/2022\/11\/mati2A_elementspropres.pdf\" rel=\"noopener\" target=\"_blank\">mati2A_\u00e9l\u00e9ments propres<\/a><\/td><td class=\"column-3\"><\/td>\n<\/tr>\n<tr class=\"row-6\">\n\t<td class=\"column-1\"><\/td><td class=\"column-2\"><a href=\"https:\/\/matimatheque.fr\/wp-content\/uploads\/2022\/11\/mati2A_reduction.pdf\" rel=\"noopener\" target=\"_blank\">mati2A_reduction<\/a><\/td><td class=\"column-3\"><\/td>\n<\/tr>\n<\/tbody>\n<\/table>\n<!-- #tablepress-52 from cache -->\n\n\n\n<h2 class=\"wp-block-heading\">Probabilit\u00e9s<\/h2>\n\n\n\n<table id=\"tablepress-60\" class=\"tablepress tablepress-id-60 tablepress-responsive\">\n<tbody class=\"row-striping row-hover\">\n<tr class=\"row-1\">\n\t<td class=\"column-1\"><strong>PRO<\/strong><\/td><td class=\"column-2\"><\/td>\n<\/tr>\n<tr class=\"row-2\">\n\t<td class=\"column-1\"><\/td><td class=\"column-2\"><\/td>\n<\/tr>\n<tr class=\"row-3\">\n\t<td class=\"column-1\"><\/td><td class=\"column-2\"><\/td>\n<\/tr>\n<tr class=\"row-4\">\n\t<td class=\"column-1\"><\/td><td class=\"column-2\"><\/td>\n<\/tr>\n<tr class=\"row-5\">\n\t<td class=\"column-1\"><\/td><td class=\"column-2\"><\/td>\n<\/tr>\n<\/tbody>\n<\/table>\n<!-- #tablepress-60 from cache -->\n","protected":false},"excerpt":{"rendered":"<p>Analyse G\u00e9om\u00e9trie Alg\u00e8bre Probabilit\u00e9s<\/p>\n","protected":false},"author":1,"featured_media":0,"parent":0,"menu_order":0,"comment_status":"closed","ping_status":"closed","template":"","meta":{"footnotes":""},"class_list":["post-1597","page","type-page","status-publish","hentry"],"_links":{"self":[{"href":"https:\/\/matimatheque.fr\/index.php?rest_route=\/wp\/v2\/pages\/1597","targetHints":{"allow":["GET"]}}],"collection":[{"href":"https:\/\/matimatheque.fr\/index.php?rest_route=\/wp\/v2\/pages"}],"about":[{"href":"https:\/\/matimatheque.fr\/index.php?rest_route=\/wp\/v2\/types\/page"}],"author":[{"embeddable":true,"href":"https:\/\/matimatheque.fr\/index.php?rest_route=\/wp\/v2\/users\/1"}],"replies":[{"embeddable":true,"href":"https:\/\/matimatheque.fr\/index.php?rest_route=%2Fwp%2Fv2%2Fcomments&post=1597"}],"version-history":[{"count":11,"href":"https:\/\/matimatheque.fr\/index.php?rest_route=\/wp\/v2\/pages\/1597\/revisions"}],"predecessor-version":[{"id":2674,"href":"https:\/\/matimatheque.fr\/index.php?rest_route=\/wp\/v2\/pages\/1597\/revisions\/2674"}],"wp:attachment":[{"href":"https:\/\/matimatheque.fr\/index.php?rest_route=%2Fwp%2Fv2%2Fmedia&parent=1597"}],"curies":[{"name":"wp","href":"https:\/\/api.w.org\/{rel}","templated":true}]}}