{"id":1151,"date":"2022-07-29T18:58:34","date_gmt":"2022-07-29T16:58:34","guid":{"rendered":"https:\/\/matimatheque.fr\/?page_id=1151"},"modified":"2022-09-15T20:45:29","modified_gmt":"2022-09-15T18:45:29","slug":"promo-22-23","status":"publish","type":"page","link":"https:\/\/matimatheque.fr\/?page_id=1151","title":{"rendered":"petits cahiers de r\u00e9vision de sup"},"content":{"rendered":"\n<p><\/p>\n\n\n\n<table id=\"tablepress-40\" class=\"tablepress tablepress-id-40 tablepress-responsive\">\n<tbody class=\"row-striping row-hover\">\n<tr class=\"row-1\">\n\t<td class=\"column-1\">1<\/td><td class=\"column-2\"><a href=\"https:\/\/matimatheque.fr\/wp-content\/uploads\/2022\/07\/fractions.pdf\" rel=\"noopener\" target=\"_blank\">fractions<\/a><\/td>\n<\/tr>\n<tr class=\"row-2\">\n\t<td class=\"column-1\">2<\/td><td class=\"column-2\"><a href=\"https:\/\/matimatheque.fr\/wp-content\/uploads\/2022\/07\/puissances.pdf\" rel=\"noopener\" target=\"_blank\">puissances<\/a><\/td>\n<\/tr>\n<tr class=\"row-3\">\n\t<td class=\"column-1\">3<\/td><td class=\"column-2\"><a href=\"https:\/\/matimatheque.fr\/wp-content\/uploads\/2022\/07\/calcul_litteral.pdf\" rel=\"noopener\" target=\"_blank\">calcul litt\u00e9ral<\/a><\/td>\n<\/tr>\n<tr class=\"row-4\">\n\t<td class=\"column-1\">4<\/td><td class=\"column-2\"><a href=\"https:\/\/matimatheque.fr\/wp-content\/uploads\/2022\/07\/racines_carrees.pdf\" rel=\"noopener\" target=\"_blank\">racines carr\u00e9es<\/a><\/td>\n<\/tr>\n<tr class=\"row-5\">\n\t<td class=\"column-1\">5<\/td><td class=\"column-2\"><a href=\"https:\/\/matimatheque.fr\/wp-content\/uploads\/2022\/07\/expression_algebrique.pdf\" rel=\"noopener\" target=\"_blank\">expressions alg\u00e9briques<\/a><\/td>\n<\/tr>\n<tr class=\"row-6\">\n\t<td class=\"column-1\">6<\/td><td class=\"column-2\"><a href=\"https:\/\/matimatheque.fr\/wp-content\/uploads\/2022\/07\/eq_2nd_degre.pdf\" rel=\"noopener\" target=\"_blank\">\u00e9quations du second degr\u00e9<\/a><\/td>\n<\/tr>\n<tr class=\"row-7\">\n\t<td class=\"column-1\">7<\/td><td class=\"column-2\"><a href=\"https:\/\/matimatheque.fr\/wp-content\/uploads\/2022\/07\/exp_et_ln.pdf\" rel=\"noopener\" target=\"_blank\">exponentielle et logarithme<\/a><\/td>\n<\/tr>\n<tr class=\"row-8\">\n\t<td class=\"column-1\">8<\/td><td class=\"column-2\"><a href=\"https:\/\/matimatheque.fr\/wp-content\/uploads\/2022\/07\/trigo.pdf\" rel=\"noopener\" target=\"_blank\">trigonom\u00e9trie<\/a><\/td>\n<\/tr>\n<tr class=\"row-9\">\n\t<td class=\"column-1\">9<\/td><td class=\"column-2\"><a href=\"https:\/\/matimatheque.fr\/wp-content\/uploads\/2022\/07\/derivation.pdf\" rel=\"noopener\" target=\"_blank\">d\u00e9rivation<\/a><\/td>\n<\/tr>\n<tr class=\"row-10\">\n\t<td class=\"column-1\">10<\/td><td class=\"column-2\"><a href=\"https:\/\/matimatheque.fr\/wp-content\/uploads\/2022\/07\/primitives.pdf\" rel=\"noopener\" target=\"_blank\">primitives<\/a><\/td>\n<\/tr>\n<tr class=\"row-11\">\n\t<td class=\"column-1\">11<\/td><td class=\"column-2\"><a href=\"https:\/\/matimatheque.fr\/wp-content\/uploads\/2022\/07\/calcul_integral.pdf\" rel=\"noopener\" target=\"_blank\">calcul int\u00e9gral<\/a><\/td>\n<\/tr>\n<tr class=\"row-12\">\n\t<td class=\"column-1\">12<\/td><td class=\"column-2\"><a href=\"https:\/\/matimatheque.fr\/wp-content\/uploads\/2022\/07\/integration_parties.pdf\" rel=\"noopener\" target=\"_blank\">int\u00e9gration par parties<\/a><\/td>\n<\/tr>\n<tr class=\"row-13\">\n\t<td class=\"column-1\">13<\/td><td class=\"column-2\"><a href=\"https:\/\/matimatheque.fr\/wp-content\/uploads\/2022\/07\/changement-de-variable.pdf\" rel=\"noopener\" target=\"_blank\">changement de variable<\/a><\/td>\n<\/tr>\n<tr class=\"row-14\">\n\t<td class=\"column-1\">14<\/td><td class=\"column-2\"><a href=\"https:\/\/matimatheque.fr\/wp-content\/uploads\/2022\/07\/integration_fractions_rationnelles.pdf\" rel=\"noopener\" target=\"_blank\">int\u00e9gration des fractions rationnelles<\/a><\/td>\n<\/tr>\n<tr class=\"row-15\">\n\t<td class=\"column-1\">15<\/td><td class=\"column-2\"><a href=\"https:\/\/matimatheque.fr\/wp-content\/uploads\/2022\/07\/systeme-lineare.pdf\" rel=\"noopener\" target=\"_blank\">syst\u00e8mes lin\u00e9aires<\/a><\/td>\n<\/tr>\n<tr class=\"row-16\">\n\t<td class=\"column-1\">16<\/td><td class=\"column-2\"><a href=\"https:\/\/matimatheque.fr\/wp-content\/uploads\/2022\/07\/nombres-complexes.pdf\" rel=\"noopener\" target=\"_blank\">nombres complexes<\/a><\/td>\n<\/tr>\n<tr class=\"row-17\">\n\t<td class=\"column-1\">17<\/td><td class=\"column-2\"><a href=\"https:\/\/matimatheque.fr\/wp-content\/uploads\/2022\/07\/trigo_et_nbres-complexes.pdf\" rel=\"noopener\" target=\"_blank\">trigonom\u00e9trie et nombres complexes<\/a><\/td>\n<\/tr>\n<tr class=\"row-18\">\n\t<td class=\"column-1\">18<\/td><td class=\"column-2\"><a href=\"https:\/\/matimatheque.fr\/wp-content\/uploads\/2022\/07\/somme_et_produit.pdf\" rel=\"noopener\" target=\"_blank\">sommes et produits<\/a><\/td>\n<\/tr>\n<tr class=\"row-19\">\n\t<td class=\"column-1\">19<\/td><td class=\"column-2\"><a href=\"https:\/\/matimatheque.fr\/wp-content\/uploads\/2022\/07\/coefficients-binomiaux.pdf\" rel=\"noopener\" target=\"_blank\">coefficients binomiaux<\/a><\/td>\n<\/tr>\n<tr class=\"row-20\">\n\t<td class=\"column-1\">20<\/td><td class=\"column-2\"><a href=\"https:\/\/matimatheque.fr\/wp-content\/uploads\/2022\/07\/manipulation_fonctions_usuelles.pdf\" rel=\"noopener\" target=\"_blank\">manipulation fonctions usuelles<\/a><\/td>\n<\/tr>\n<tr class=\"row-21\">\n\t<td class=\"column-1\">21<\/td><td class=\"column-2\"><a href=\"https:\/\/matimatheque.fr\/wp-content\/uploads\/2022\/07\/suites_numeriques.pdf\" rel=\"noopener\" target=\"_blank\">suites num\u00e9riques<\/a><\/td>\n<\/tr>\n<tr class=\"row-22\">\n\t<td class=\"column-1\">22<\/td><td class=\"column-2\"><a href=\"https:\/\/matimatheque.fr\/wp-content\/uploads\/2022\/07\/developpements_limites.pdf\" rel=\"noopener\" target=\"_blank\">d\u00e9veloppements limit\u00e9s<\/a><\/td>\n<\/tr>\n<tr class=\"row-23\">\n\t<td class=\"column-1\">23<\/td><td class=\"column-2\"><a href=\"https:\/\/matimatheque.fr\/wp-content\/uploads\/2022\/07\/arithmetique.pdf\" rel=\"noopener\" target=\"_blank\">arithm\u00e9tique<\/a><\/td>\n<\/tr>\n<tr class=\"row-24\">\n\t<td class=\"column-1\">24<\/td><td class=\"column-2\"><a href=\"https:\/\/matimatheque.fr\/wp-content\/uploads\/2022\/07\/polynomes.pdf\" rel=\"noopener\" target=\"_blank\">polyn\u00f4mes<\/a><\/td>\n<\/tr>\n<tr class=\"row-25\">\n\t<td class=\"column-1\">25<\/td><td class=\"column-2\"><a href=\"https:\/\/matimatheque.fr\/wp-content\/uploads\/2022\/07\/decomposition_elements_simples.pdf\" rel=\"noopener\" target=\"_blank\">d\u00e9composition en \u00e9l\u00e9ments simples<\/a><\/td>\n<\/tr>\n<tr class=\"row-26\">\n\t<td class=\"column-1\">26<\/td><td class=\"column-2\"><a href=\"https:\/\/matimatheque.fr\/wp-content\/uploads\/2022\/07\/calcul_matriciel.pdf\" rel=\"noopener\" target=\"_blank\">calcul matriciel<\/a><\/td>\n<\/tr>\n<tr class=\"row-27\">\n\t<td class=\"column-1\">27<\/td><td class=\"column-2\"><a href=\"https:\/\/matimatheque.fr\/wp-content\/uploads\/2022\/07\/algebre_lineaire.pdf\" rel=\"noopener\" target=\"_blank\">alg\u00e8bre lin\u00e9aire<\/a><\/td>\n<\/tr>\n<tr class=\"row-28\">\n\t<td class=\"column-1\">28<\/td><td class=\"column-2\"><a href=\"https:\/\/matimatheque.fr\/wp-content\/uploads\/2022\/07\/euqations_differentielles.pdf\" rel=\"noopener\" target=\"_blank\">\u00e9quations diff\u00e9rentielles<\/a><\/td>\n<\/tr>\n<tr class=\"row-29\">\n\t<td class=\"column-1\">29<\/td><td class=\"column-2\"><a href=\"https:\/\/matimatheque.fr\/wp-content\/uploads\/2022\/07\/series-numeriques.pdf\" rel=\"noopener\" target=\"_blank\">s\u00e9ries num\u00e9riques<\/a><\/td>\n<\/tr>\n<tr class=\"row-30\">\n\t<td class=\"column-1\">30<\/td><td class=\"column-2\"><a href=\"https:\/\/matimatheque.fr\/wp-content\/uploads\/2022\/07\/structure_euclidienne.pdf\" rel=\"noopener\" target=\"_blank\">structure euclidienne<\/a><\/td>\n<\/tr>\n<tr class=\"row-31\">\n\t<td class=\"column-1\">31<\/td><td class=\"column-2\"><a href=\"https:\/\/matimatheque.fr\/wp-content\/uploads\/2022\/07\/groupe_symetrique.pdf\" rel=\"noopener\" target=\"_blank\">groupe sym\u00e9trique (hors-programme)<\/a><\/td>\n<\/tr>\n<tr class=\"row-32\">\n\t<td class=\"column-1\">32<\/td><td class=\"column-2\"><a href=\"https:\/\/matimatheque.fr\/wp-content\/uploads\/2022\/07\/determinant.pdf\" rel=\"noopener\" target=\"_blank\">d\u00e9terminant<\/a><\/td>\n<\/tr>\n<tr class=\"row-33\">\n\t<td class=\"column-1\">33<\/td><td class=\"column-2\"><a href=\"https:\/\/matimatheque.fr\/wp-content\/uploads\/2022\/07\/fonction_de_deux_variables.pdf\" rel=\"noopener\" target=\"_blank\">fonctions de deux variables<\/a><\/td>\n<\/tr>\n<\/tbody>\n<\/table>\n<!-- #tablepress-40 from cache -->\n\n\n\n<p>Dans ces petits cahiers th\u00e9matiques, des exercices tr\u00e8s simples pour \u00eatre parfaitement au point sur les r\u00e8gles de calcul usuelles en pr\u00e9pa.<br>Plus vous en faites, meilleur-e vous serez!<\/p>\n","protected":false},"excerpt":{"rendered":"<p>Dans ces petits cahiers th\u00e9matiques, des exercices tr\u00e8s simples pour \u00eatre parfaitement au point sur les r\u00e8gles de calcul usuelles en pr\u00e9pa.Plus vous en faites, meilleur-e vous serez!<\/p>\n","protected":false},"author":1,"featured_media":0,"parent":0,"menu_order":0,"comment_status":"closed","ping_status":"closed","template":"","meta":{"footnotes":""},"class_list":["post-1151","page","type-page","status-publish","hentry"],"_links":{"self":[{"href":"https:\/\/matimatheque.fr\/index.php?rest_route=\/wp\/v2\/pages\/1151","targetHints":{"allow":["GET"]}}],"collection":[{"href":"https:\/\/matimatheque.fr\/index.php?rest_route=\/wp\/v2\/pages"}],"about":[{"href":"https:\/\/matimatheque.fr\/index.php?rest_route=\/wp\/v2\/types\/page"}],"author":[{"embeddable":true,"href":"https:\/\/matimatheque.fr\/index.php?rest_route=\/wp\/v2\/users\/1"}],"replies":[{"embeddable":true,"href":"https:\/\/matimatheque.fr\/index.php?rest_route=%2Fwp%2Fv2%2Fcomments&post=1151"}],"version-history":[{"count":2,"href":"https:\/\/matimatheque.fr\/index.php?rest_route=\/wp\/v2\/pages\/1151\/revisions"}],"predecessor-version":[{"id":1204,"href":"https:\/\/matimatheque.fr\/index.php?rest_route=\/wp\/v2\/pages\/1151\/revisions\/1204"}],"wp:attachment":[{"href":"https:\/\/matimatheque.fr\/index.php?rest_route=%2Fwp%2Fv2%2Fmedia&parent=1151"}],"curies":[{"name":"wp","href":"https:\/\/api.w.org\/{rel}","templated":true}]}}